{"id":20097,"date":"2024-06-18T07:15:13","date_gmt":"2024-06-18T07:15:13","guid":{"rendered":"https:\/\/sustain-ed.eu\/?page_id=20097"},"modified":"2024-07-18T07:53:57","modified_gmt":"2024-07-18T07:53:57","slug":"politica-de-privacitat","status":"publish","type":"page","link":"https:\/\/sustain-ed.eu\/ca\/politica-de-privacitat\/","title":{"rendered":"Pol\u00edtica de privacitat"},"content":{"rendered":"\t\t<div data-elementor-type=\"wp-page\" data-elementor-id=\"20097\" class=\"elementor elementor-20097 elementor-19780\">\n\t\t\t\t<div class=\"e-con-with-custom-width elementor-element elementor-element-85d9aa1 e-flex e-con-boxed sc_layouts_column_icons_position_left wpr-particle-no wpr-jarallax-no wpr-parallax-no wpr-sticky-section-no e-con e-parent\" data-id=\"85d9aa1\" data-element_type=\"container\" data-settings=\"{&quot;background_background&quot;:&quot;classic&quot;}\">\n\t\t\t\t\t<div class=\"e-con-inner\">\n\t\t<div class=\"elementor-element elementor-element-11d9623 e-con-full e-flex sc_layouts_column_icons_position_left wpr-particle-no wpr-jarallax-no wpr-parallax-no wpr-sticky-section-no e-con e-child\" data-id=\"11d9623\" data-element_type=\"container\">\n\t\t\t\t<div class=\"elementor-element elementor-element-ce1279b sc_fly_static elementor-widget elementor-widget-heading\" data-id=\"ce1279b\" data-element_type=\"widget\" data-widget_type=\"heading.default\">\n\t\t\t\t<div class=\"elementor-widget-container\">\n\t\t\t\t\t<h1 class=\"elementor-heading-title elementor-size-default\">Pol\u00edtica de privacitat<\/h1>\t\t\t\t<\/div>\n\t\t\t\t<\/div>\n\t\t\t\t<\/div>\n\t\t\t\t\t<\/div>\n\t\t\t\t<\/div>\n\t\t<div class=\"e-con-with-custom-width elementor-element elementor-element-f5a613c e-flex e-con-boxed sc_layouts_column_icons_position_left wpr-particle-no wpr-jarallax-no wpr-parallax-no wpr-sticky-section-no e-con e-parent\" data-id=\"f5a613c\" data-element_type=\"container\" data-settings=\"{&quot;background_background&quot;:&quot;classic&quot;}\">\n\t\t\t\t\t<div class=\"e-con-inner\">\n\t\t<div class=\"elementor-element elementor-element-f91a987 e-con-full e-flex sc_layouts_column_icons_position_left wpr-particle-no wpr-jarallax-no wpr-parallax-no wpr-sticky-section-no e-con e-child\" data-id=\"f91a987\" data-element_type=\"container\">\n\t\t\t\t<div class=\"elementor-element elementor-element-5464328 sc_fly_static elementor-widget elementor-widget-text-editor\" data-id=\"5464328\" data-element_type=\"widget\" data-widget_type=\"text-editor.default\">\n\t\t\t\t<div class=\"elementor-widget-container\">\n\t\t\t\t\t\t\t\t\t<h2>\u00c0mbit d&#8217;aplicaci\u00f3<\/h2><p>Aquesta explicaci\u00f3 de la nostra pol\u00edtica de privacitat cobreix la naturalesa, l&#8217;abast i la finalitat de la recopilaci\u00f3 i l&#8217;\u00fas de dades personals al lloc web www.sustain-ed.eu (en endavant, &#8220;lloc web&#8221;). Aquest lloc web \u00e9s per al projecte SustainEd \u2013 Una Iniciativa Conjunta d&#8217;Empreses i Educaci\u00f3 Superior per a un Futur M\u00e9s Verd, amb n\u00famero de projecte 2023-1-HU01-KA220-HED-000165475, que ha estat finan\u00e7at amb el suport de la Comissi\u00f3 Europea i del programa Erasmus+ de la Uni\u00f3 Europea.<\/p><p>L&#8217;organisme responsable de totes les dades personals recopilades en aquest lloc web (llevat que l&#8217;explicaci\u00f3 de la pol\u00edtica de privacitat indiqui el contrari) \u00e9s el consorci del projecte:<\/p><ul><li>Sol\u00b7licitant \u2013 LP: Milton Friedman Egyetem<\/li><li>Col\u00b7laborador \u2013 P2: Universitat Aut\u00f2noma de Barcelona<\/li><li>Col\u00b7laborador \u2013 P3: Fondazione Fenice Onlus<\/li><li>Col\u00b7laborador \u2013 P4: Storytellme, Unipessoal LDA<\/li><li>Col\u00b7laborador \u2013 P5: Acta Foundation<\/li><li>Col\u00b7laborador \u2013 P6: ETE Faros LTD<\/li><\/ul><p>(en endavant, s&#8217;hi fa refer\u00e8ncia amb marques de la primera persona del plural, com ara la forma nosaltres i expressions similars). Tret que aquesta pol\u00edtica de privacitat indiqui el contrari, som l&#8217;autoritat responsable de totes les dades personals que es recopilen al lloc web. Trobareu m\u00e9s informaci\u00f3 sobre nosaltres i les nostres dades de contacte a la p\u00e0gina de contacte. Es pot contactar amb els responsables de protecci\u00f3 de dades del consorci a trav\u00e9s de l&#8217;adre\u00e7a de correu electr\u00f2nic seg\u00fcent: <a href=\"mailto:project@sustain-ed.eu\">project@sustain-ed.eu<\/a><\/p><h2>Informaci\u00f3 que recopilem i com la fem servir<\/h2><p>Podem recopilar informaci\u00f3 d&#8217;identificaci\u00f3 personal dels usuaris en diverses situacions, que inclouen, entre d&#8217;altres, el moment en qu\u00e8 els usuaris visiten el nostre lloc web, emplenen un formulari, responen a una enquesta i participen en altres activitats, serveis, funcions o recursos que posem a disposici\u00f3 al nostre lloc web. Normalment, aquesta informaci\u00f3 inclou un nom o una adre\u00e7a de correu electr\u00f2nic.<\/p><p>No guanyem diners amb els anuncis. Per tant, no recopilem dades per fer-vos publicitat. Fem servir la vostra informaci\u00f3 personal nom\u00e9s per facilitar i millorar el lloc web. Pel fet d&#8217;utilitzar el lloc web, accepteu la recopilaci\u00f3 i l&#8217;\u00fas d&#8217;informaci\u00f3 d&#8217;acord amb aquesta pol\u00edtica.<\/p><p>Adoptem pr\u00e0ctiques adequades de recollida, emmagatzematge i processament de dades i mesures de seguretat adients per a la protecci\u00f3 contra l&#8217;acc\u00e9s no autoritzat, l&#8217;alteraci\u00f3, la divulgaci\u00f3 o la destrucci\u00f3 de la vostra informaci\u00f3 personal, nom d&#8217;usuari, contrasenya, informaci\u00f3 d&#8217;operacions i dades emmagatzemades al nostre lloc web.<\/p><p>No venem, intercanviem ni cedim la informaci\u00f3 d&#8217;identificaci\u00f3 personal dels usuaris a altres persones. Podem compartir informaci\u00f3 demogr\u00e0fica agregada gen\u00e8rica no vinculada a cap informaci\u00f3 d&#8217;identificaci\u00f3 personal sobre visitants i usuaris amb els nostres col\u00b7laboradors comercials, afiliats de confian\u00e7a i anunciants per als prop\u00f2sits descrits anteriorment.<\/p><h2>Dades de registre<\/h2><p>Recopilem la informaci\u00f3 que el vostre navegador envia cada vegada que visiteu el nostre lloc web. Aquestes dades de registre poden incloure informaci\u00f3 com ara l&#8217;adre\u00e7a de protocol d&#8217;Internet (IP) del vostre ordinador, el tipus de navegador, la versi\u00f3 del navegador, les p\u00e0gines del nostre lloc web que visiteu, l&#8217;hora i la data de la visita, el temps que passeu en aquestes p\u00e0gines i altres dades estad\u00edstiques. Aquestes dades no s&#8217;uneixen a les altres dades personals que pugueu introduir activament mentre feu servir el lloc web. Les adreces IP s&#8217;anonimitzen immediatament en la fase m\u00e9s primerenca possible de la xarxa de recollida.<\/p><h2>Galetes<\/h2><p>El nostre lloc web fa servir galetes. Les galetes no contenen cap informaci\u00f3 que us identifiqui personalment, per\u00f2 pot ser que vinculem la vostra informaci\u00f3 personal que tenim guardada amb la informaci\u00f3 emmagatzemada i obtinguda de les galetes. Les galetes utilitzades al lloc web inclouen les que s\u00f3n estrictament necess\u00e0ries per a l&#8217;acc\u00e9s i la navegaci\u00f3, les que recorden les vostres eleccions (galetes de funcionalitat) i les que fan un seguiment de l&#8217;\u00fas. Podeu acceptar o rebutjar les galetes que fan un seguiment de l&#8217;\u00fas.<\/p><p>Els usuaris poden optar per configurar el seu navegador web per rebutjar les cookies o perqu\u00e8 se&#8217;ls avisi quan se n&#8217;envi\u00efn. En aquest cas, cal tenir en compte que \u00e9s possible que algunes parts del lloc web no funcionin correctament.<\/p><h2>Google Analytics<\/h2><p>Aquest lloc web fa servir Google Analytics, un servei d&#8217;an\u00e0lisi web de Google Inc. (en endavant, Google). Google Analytics utilitza cookies, que s&#8217;emmagatzemen al vostre ordinador amb la finalitat de facilitar una an\u00e0lisi de l&#8217;\u00fas que feu del lloc web. La informaci\u00f3 generada per aquestes cookies, com ara l&#8217;hora, el lloc i la freq\u00fc\u00e8ncia de les vostres visites al nostre lloc web, incloent-hi l&#8217;adre\u00e7a IP, es transmet a la ubicaci\u00f3 de Google i s&#8217;emmagatzema all\u00e0. En utilitzar Google Analytics, el nostre lloc web usa l&#8217;extensi\u00f3 anonymizeIp. D&#8217;aquesta manera, Google abreuja i, per tant, anonimitza la vostra adre\u00e7a IP abans de transferir-la. Google empra aquesta informaci\u00f3 per analitzar l&#8217;\u00fas que feu del nostre lloc web, per compilar informes per a nosaltres sobre l&#8217;activitat a Internet i per oferir altres serveis relacionats amb el nostre lloc web.<\/p><p>Podeu decidir si accepteu o rebutgeu l&#8217;\u00fas de Google Analytics al vostre ordinador quan visiteu el lloc web per primera vegada.<\/p><h2>Canvis en aquesta pol\u00edtica de privacitat<\/h2><p>Aquesta pol\u00edtica de privacitat \u00e9s efectiva a partir de l&#8217;1 de maig de 2024 i ha de romandre en vigor excepte pel que fa a qualsevol canvi en les seves disposicions en el futur, que entra en vigor immediatament despr\u00e9s de ser publicat en aquesta p\u00e0gina.<\/p><p>Ens reservem el dret d&#8217;actualitzar o canviar la nostra pol\u00edtica de privacitat en qualsevol moment, de manera que cal que la consulteu peri\u00f2dicament. Quan l&#8217;actualitzem o canviem, publicarem una notificaci\u00f3 a la p\u00e0gina principal del nostre lloc web. Animem els usuaris a consultar amb freq\u00fc\u00e8ncia aquesta p\u00e0gina per comprovar si hi ha hagut cap canvi i per mantenir-se informats sobre com contribu\u00efm a protegir la informaci\u00f3 personal que recopilem. Reconeixeu i accepteu que \u00e9s responsabilitat vostra revisar aquesta pol\u00edtica de privacitat peri\u00f2dicament i estar al cas de les modificacions.<\/p><h2>Contacteu amb nosaltres<\/h2><p>Si teniu cap pregunta sobre aquesta pol\u00edtica de privacitat, les pr\u00e0ctiques d&#8217;aquest lloc web o la vostra relaci\u00f3 amb aquest lloc web, poseu-vos en contacte amb nosaltres a trav\u00e9s de l&#8217;adre\u00e7a <a href=\"mailto:project@sustain-ed.eu\">project@sustain-ed.eu<\/a><\/p>\t\t\t\t\t\t\t\t<\/div>\n\t\t\t\t<\/div>\n\t\t\t\t<\/div>\n\t\t\t\t\t<\/div>\n\t\t\t\t<\/div>\n\t\t\t\t<\/div>\n\t\t","protected":false},"excerpt":{"rendered":"<p>Pol\u00edtica de privacitat \u00c0mbit d&#8217;aplicaci\u00f3 Aquesta explicaci\u00f3 de la nostra pol\u00edtica de privacitat cobreix la naturalesa, l&#8217;abast i la finalitat de la recopilaci\u00f3 i l&#8217;\u00fas de dades personals al lloc&hellip;<\/p>\n","protected":false},"author":1,"featured_media":0,"parent":0,"menu_order":0,"comment_status":"closed","ping_status":"closed","template":"elementor_header_footer","meta":{"footnotes":""},"class_list":["post-20097","page","type-page","status-publish","hentry"],"yoast_head":"<!-- This site is optimized with the Yoast SEO plugin v27.5 - https:\/\/yoast.com\/product\/yoast-seo-wordpress\/ -->\n<title>Pol\u00edtica de privacitat | SustainEd<\/title>\n<meta name=\"robots\" content=\"index, follow, max-snippet:-1, max-image-preview:large, max-video-preview:-1\" \/>\n<link rel=\"canonical\" href=\"https:\/\/sustain-ed.eu\/ca\/politica-de-privacitat\/\" \/>\n<meta property=\"og:locale\" content=\"ca_ES\" \/>\n<meta property=\"og:type\" content=\"article\" \/>\n<meta property=\"og:title\" content=\"Pol\u00edtica de privacitat | SustainEd\" \/>\n<meta property=\"og:description\" content=\"Pol\u00edtica de privacitat \u00c0mbit d&#8217;aplicaci\u00f3 Aquesta explicaci\u00f3 de la nostra pol\u00edtica de privacitat cobreix la naturalesa, l&#8217;abast i la finalitat de la recopilaci\u00f3 i l&#8217;\u00fas de dades personals al lloc&hellip;\" \/>\n<meta property=\"og:url\" content=\"https:\/\/sustain-ed.eu\/ca\/politica-de-privacitat\/\" \/>\n<meta property=\"og:site_name\" content=\"SustainEd\" \/>\n<meta property=\"article:publisher\" content=\"https:\/\/www.facebook.com\/projectSustainEd\" \/>\n<meta property=\"article:modified_time\" content=\"2024-07-18T07:53:57+00:00\" \/>\n<meta property=\"og:image\" content=\"https:\/\/sustain-ed.eu\/wp-content\/uploads\/2024\/06\/protectenvironment.jpg\" \/>\n\t<meta property=\"og:image:width\" content=\"1130\" \/>\n\t<meta property=\"og:image:height\" content=\"1500\" \/>\n\t<meta property=\"og:image:type\" content=\"image\/jpeg\" \/>\n<meta name=\"twitter:card\" content=\"summary_large_image\" \/>\n<meta name=\"twitter:label1\" content=\"Temps estimat de lectura\" \/>\n\t<meta name=\"twitter:data1\" content=\"5 minuts\" \/>\n<script type=\"application\/ld+json\" class=\"yoast-schema-graph\">{\"@context\":\"https:\\\/\\\/schema.org\",\"@graph\":[{\"@type\":\"WebPage\",\"@id\":\"https:\\\/\\\/sustain-ed.eu\\\/ca\\\/politica-de-privacitat\\\/\",\"url\":\"https:\\\/\\\/sustain-ed.eu\\\/ca\\\/politica-de-privacitat\\\/\",\"name\":\"Pol\u00edtica de privacitat | SustainEd\",\"isPartOf\":{\"@id\":\"https:\\\/\\\/sustain-ed.eu\\\/#website\"},\"datePublished\":\"2024-06-18T07:15:13+00:00\",\"dateModified\":\"2024-07-18T07:53:57+00:00\",\"breadcrumb\":{\"@id\":\"https:\\\/\\\/sustain-ed.eu\\\/ca\\\/politica-de-privacitat\\\/#breadcrumb\"},\"inLanguage\":\"ca\",\"potentialAction\":[{\"@type\":\"ReadAction\",\"target\":[\"https:\\\/\\\/sustain-ed.eu\\\/ca\\\/politica-de-privacitat\\\/\"]}]},{\"@type\":\"BreadcrumbList\",\"@id\":\"https:\\\/\\\/sustain-ed.eu\\\/ca\\\/politica-de-privacitat\\\/#breadcrumb\",\"itemListElement\":[{\"@type\":\"ListItem\",\"position\":1,\"name\":\"Home\",\"item\":\"https:\\\/\\\/sustain-ed.eu\\\/ca\\\/\"},{\"@type\":\"ListItem\",\"position\":2,\"name\":\"Pol\u00edtica de privacitat\"}]},{\"@type\":\"WebSite\",\"@id\":\"https:\\\/\\\/sustain-ed.eu\\\/#website\",\"url\":\"https:\\\/\\\/sustain-ed.eu\\\/\",\"name\":\"SustainEd\",\"description\":\"SustainEd Erasmus+ Project\",\"publisher\":{\"@id\":\"https:\\\/\\\/sustain-ed.eu\\\/#organization\"},\"potentialAction\":[{\"@type\":\"SearchAction\",\"target\":{\"@type\":\"EntryPoint\",\"urlTemplate\":\"https:\\\/\\\/sustain-ed.eu\\\/?s={search_term_string}\"},\"query-input\":{\"@type\":\"PropertyValueSpecification\",\"valueRequired\":true,\"valueName\":\"search_term_string\"}}],\"inLanguage\":\"ca\"},{\"@type\":\"Organization\",\"@id\":\"https:\\\/\\\/sustain-ed.eu\\\/#organization\",\"name\":\"SustainEd\",\"url\":\"https:\\\/\\\/sustain-ed.eu\\\/\",\"logo\":{\"@type\":\"ImageObject\",\"inLanguage\":\"ca\",\"@id\":\"https:\\\/\\\/sustain-ed.eu\\\/#\\\/schema\\\/logo\\\/image\\\/\",\"url\":\"https:\\\/\\\/sustain-ed.eu\\\/wp-content\\\/uploads\\\/2024\\\/06\\\/SustainEd_Logo.png\",\"contentUrl\":\"https:\\\/\\\/sustain-ed.eu\\\/wp-content\\\/uploads\\\/2024\\\/06\\\/SustainEd_Logo.png\",\"width\":300,\"height\":300,\"caption\":\"SustainEd\"},\"image\":{\"@id\":\"https:\\\/\\\/sustain-ed.eu\\\/#\\\/schema\\\/logo\\\/image\\\/\"},\"sameAs\":[\"https:\\\/\\\/www.facebook.com\\\/projectSustainEd\",\"https:\\\/\\\/www.linkedin.com\\\/company\\\/102452710\",\"https:\\\/\\\/www.youtube.com\\\/@SustainEdProject\"]}]}<\/script>\n<!-- \/ Yoast SEO plugin. -->","yoast_head_json":{"title":"Pol\u00edtica de privacitat | SustainEd","robots":{"index":"index","follow":"follow","max-snippet":"max-snippet:-1","max-image-preview":"max-image-preview:large","max-video-preview":"max-video-preview:-1"},"canonical":"https:\/\/sustain-ed.eu\/ca\/politica-de-privacitat\/","og_locale":"ca_ES","og_type":"article","og_title":"Pol\u00edtica de privacitat | SustainEd","og_description":"Pol\u00edtica de privacitat \u00c0mbit d&#8217;aplicaci\u00f3 Aquesta explicaci\u00f3 de la nostra pol\u00edtica de privacitat cobreix la naturalesa, l&#8217;abast i la finalitat de la recopilaci\u00f3 i l&#8217;\u00fas de dades personals al lloc&hellip;","og_url":"https:\/\/sustain-ed.eu\/ca\/politica-de-privacitat\/","og_site_name":"SustainEd","article_publisher":"https:\/\/www.facebook.com\/projectSustainEd","article_modified_time":"2024-07-18T07:53:57+00:00","og_image":[{"width":1130,"height":1500,"url":"https:\/\/sustain-ed.eu\/wp-content\/uploads\/2024\/06\/protectenvironment.jpg","type":"image\/jpeg"}],"twitter_card":"summary_large_image","twitter_misc":{"Temps estimat de lectura":"5 minuts"},"schema":{"@context":"https:\/\/schema.org","@graph":[{"@type":"WebPage","@id":"https:\/\/sustain-ed.eu\/ca\/politica-de-privacitat\/","url":"https:\/\/sustain-ed.eu\/ca\/politica-de-privacitat\/","name":"Pol\u00edtica de privacitat | SustainEd","isPartOf":{"@id":"https:\/\/sustain-ed.eu\/#website"},"datePublished":"2024-06-18T07:15:13+00:00","dateModified":"2024-07-18T07:53:57+00:00","breadcrumb":{"@id":"https:\/\/sustain-ed.eu\/ca\/politica-de-privacitat\/#breadcrumb"},"inLanguage":"ca","potentialAction":[{"@type":"ReadAction","target":["https:\/\/sustain-ed.eu\/ca\/politica-de-privacitat\/"]}]},{"@type":"BreadcrumbList","@id":"https:\/\/sustain-ed.eu\/ca\/politica-de-privacitat\/#breadcrumb","itemListElement":[{"@type":"ListItem","position":1,"name":"Home","item":"https:\/\/sustain-ed.eu\/ca\/"},{"@type":"ListItem","position":2,"name":"Pol\u00edtica de privacitat"}]},{"@type":"WebSite","@id":"https:\/\/sustain-ed.eu\/#website","url":"https:\/\/sustain-ed.eu\/","name":"SustainEd","description":"SustainEd Erasmus+ Project","publisher":{"@id":"https:\/\/sustain-ed.eu\/#organization"},"potentialAction":[{"@type":"SearchAction","target":{"@type":"EntryPoint","urlTemplate":"https:\/\/sustain-ed.eu\/?s={search_term_string}"},"query-input":{"@type":"PropertyValueSpecification","valueRequired":true,"valueName":"search_term_string"}}],"inLanguage":"ca"},{"@type":"Organization","@id":"https:\/\/sustain-ed.eu\/#organization","name":"SustainEd","url":"https:\/\/sustain-ed.eu\/","logo":{"@type":"ImageObject","inLanguage":"ca","@id":"https:\/\/sustain-ed.eu\/#\/schema\/logo\/image\/","url":"https:\/\/sustain-ed.eu\/wp-content\/uploads\/2024\/06\/SustainEd_Logo.png","contentUrl":"https:\/\/sustain-ed.eu\/wp-content\/uploads\/2024\/06\/SustainEd_Logo.png","width":300,"height":300,"caption":"SustainEd"},"image":{"@id":"https:\/\/sustain-ed.eu\/#\/schema\/logo\/image\/"},"sameAs":["https:\/\/www.facebook.com\/projectSustainEd","https:\/\/www.linkedin.com\/company\/102452710","https:\/\/www.youtube.com\/@SustainEdProject"]}]}},"_links":{"self":[{"href":"https:\/\/sustain-ed.eu\/ca\/wp-json\/wp\/v2\/pages\/20097","targetHints":{"allow":["GET"]}}],"collection":[{"href":"https:\/\/sustain-ed.eu\/ca\/wp-json\/wp\/v2\/pages"}],"about":[{"href":"https:\/\/sustain-ed.eu\/ca\/wp-json\/wp\/v2\/types\/page"}],"author":[{"embeddable":true,"href":"https:\/\/sustain-ed.eu\/ca\/wp-json\/wp\/v2\/users\/1"}],"replies":[{"embeddable":true,"href":"https:\/\/sustain-ed.eu\/ca\/wp-json\/wp\/v2\/comments?post=20097"}],"version-history":[{"count":0,"href":"https:\/\/sustain-ed.eu\/ca\/wp-json\/wp\/v2\/pages\/20097\/revisions"}],"wp:attachment":[{"href":"https:\/\/sustain-ed.eu\/ca\/wp-json\/wp\/v2\/media?parent=20097"}],"curies":[{"name":"wp","href":"https:\/\/api.w.org\/{rel}","templated":true}]}}