{"id":29965,"date":"2025-07-18T10:09:56","date_gmt":"2025-07-18T10:09:56","guid":{"rendered":"https:\/\/sustain-ed.eu\/?page_id=29965"},"modified":"2025-09-02T08:28:41","modified_gmt":"2025-09-02T08:28:41","slug":"sustainedg-una-guia-practica-per-facilitar-activitats-dinamiques-amb-webquests-estrategies-consells-i-aprenentatges","status":"publish","type":"page","link":"https:\/\/sustain-ed.eu\/ca\/sustainedg-una-guia-practica-per-facilitar-activitats-dinamiques-amb-webquests-estrategies-consells-i-aprenentatges\/","title":{"rendered":"SustainEdG: Una guia pr\u00e0ctica per facilitar activitats din\u00e0miques amb WebQuests: estrat\u00e8gies, consells i aprenentatges"},"content":{"rendered":"\n<!----- SUSTAINEDG HTML BLOCK ----->\n<style>\n.language-buttons        {margin-bottom:1rem;}\n.custom-pdf-wrapper p    {margin:2rem 0 2rem; font-weight:600;}\n.pdf-container{\n    position:relative;\n    width:100%;\n    max-width:800px;\n    margin:0 auto;\n}\n.pdf-container::before{\n    content:\"\";\n    display:block;\n    padding-top:141%;\n}\n.pdf-container object{\n    position:absolute;\n    inset:0;\n    width:100%;\n    height:100%;\n    border:none;\n}\n@media (min-width:600px){\n    .pdf-container::before{padding-top:75%;}\n}\n<\/style>\n\n<div class=\"custom-pdf-wrapper\" style=\"text-align:center;\">\n    <div class=\"language-buttons\">\n        <a href=\"https:\/\/sustain-ed.eu\/wp-content\/uploads\/2025\/09\/SustainEdG_CA_v2.pdf\"\n           class=\"wp-block-file__button wp-element-button\"\n           download>\n           Descarrega SustainEdG\n        <\/a>\n    <\/div>\n\n    <p>o llegeix-lo en l\u00ednia a continuaci\u00f3 (nom\u00e9s en ordinadors):<\/p>\n\n    <div class=\"pdf-container\">\n        <object data=\"https:\/\/sustain-ed.eu\/wp-content\/uploads\/2025\/09\/SustainEdG_CA_v2.pdf\"\n                type=\"application\/pdf\"\n                aria-label=\"SustainEd Guide (PDF)\">\n        <\/object>\n    <\/div>\n<\/div>\n","protected":false},"excerpt":{"rendered":"<p>Descarrega SustainEdG o llegeix-lo en l\u00ednia a continuaci\u00f3 (nom\u00e9s en ordinadors):<\/p>\n","protected":false},"author":1,"featured_media":0,"parent":0,"menu_order":0,"comment_status":"closed","ping_status":"closed","template":"","meta":{"footnotes":""},"class_list":["post-29965","page","type-page","status-publish","hentry"],"yoast_head":"<!-- This site is optimized with the Yoast SEO plugin v27.4 - https:\/\/yoast.com\/product\/yoast-seo-wordpress\/ -->\n<title>SustainEdG: Una guia pr\u00e0ctica per facilitar activitats din\u00e0miques amb WebQuests: estrat\u00e8gies, consells i aprenentatges | SustainEd<\/title>\n<meta name=\"robots\" content=\"index, follow, max-snippet:-1, max-image-preview:large, max-video-preview:-1\" \/>\n<link rel=\"canonical\" href=\"https:\/\/sustain-ed.eu\/ca\/sustainedg-una-guia-practica-per-facilitar-activitats-dinamiques-amb-webquests-estrategies-consells-i-aprenentatges\/\" \/>\n<meta property=\"og:locale\" content=\"ca_ES\" \/>\n<meta property=\"og:type\" content=\"article\" \/>\n<meta property=\"og:title\" content=\"SustainEdG: Una guia pr\u00e0ctica per facilitar activitats din\u00e0miques amb WebQuests: estrat\u00e8gies, consells i aprenentatges | SustainEd\" \/>\n<meta property=\"og:description\" content=\"Descarrega SustainEdG o llegeix-lo en l\u00ednia a continuaci\u00f3 (nom\u00e9s en ordinadors):\" \/>\n<meta property=\"og:url\" content=\"https:\/\/sustain-ed.eu\/ca\/sustainedg-una-guia-practica-per-facilitar-activitats-dinamiques-amb-webquests-estrategies-consells-i-aprenentatges\/\" \/>\n<meta property=\"og:site_name\" content=\"SustainEd\" \/>\n<meta property=\"article:publisher\" content=\"https:\/\/www.facebook.com\/projectSustainEd\" \/>\n<meta property=\"article:modified_time\" content=\"2025-09-02T08:28:41+00:00\" \/>\n<meta property=\"og:image\" content=\"https:\/\/sustain-ed.eu\/wp-content\/uploads\/2024\/06\/protectenvironment.jpg\" \/>\n\t<meta property=\"og:image:width\" content=\"1130\" \/>\n\t<meta property=\"og:image:height\" content=\"1500\" \/>\n\t<meta property=\"og:image:type\" content=\"image\/jpeg\" \/>\n<meta name=\"twitter:card\" content=\"summary_large_image\" \/>\n<script type=\"application\/ld+json\" class=\"yoast-schema-graph\">{\"@context\":\"https:\\\/\\\/schema.org\",\"@graph\":[{\"@type\":\"WebPage\",\"@id\":\"https:\\\/\\\/sustain-ed.eu\\\/ca\\\/sustainedg-una-guia-practica-per-facilitar-activitats-dinamiques-amb-webquests-estrategies-consells-i-aprenentatges\\\/\",\"url\":\"https:\\\/\\\/sustain-ed.eu\\\/ca\\\/sustainedg-una-guia-practica-per-facilitar-activitats-dinamiques-amb-webquests-estrategies-consells-i-aprenentatges\\\/\",\"name\":\"SustainEdG: Una guia pr\u00e0ctica per facilitar activitats din\u00e0miques amb WebQuests: estrat\u00e8gies, consells i aprenentatges | SustainEd\",\"isPartOf\":{\"@id\":\"https:\\\/\\\/sustain-ed.eu\\\/#website\"},\"datePublished\":\"2025-07-18T10:09:56+00:00\",\"dateModified\":\"2025-09-02T08:28:41+00:00\",\"breadcrumb\":{\"@id\":\"https:\\\/\\\/sustain-ed.eu\\\/ca\\\/sustainedg-una-guia-practica-per-facilitar-activitats-dinamiques-amb-webquests-estrategies-consells-i-aprenentatges\\\/#breadcrumb\"},\"inLanguage\":\"ca\",\"potentialAction\":[{\"@type\":\"ReadAction\",\"target\":[\"https:\\\/\\\/sustain-ed.eu\\\/ca\\\/sustainedg-una-guia-practica-per-facilitar-activitats-dinamiques-amb-webquests-estrategies-consells-i-aprenentatges\\\/\"]}]},{\"@type\":\"BreadcrumbList\",\"@id\":\"https:\\\/\\\/sustain-ed.eu\\\/ca\\\/sustainedg-una-guia-practica-per-facilitar-activitats-dinamiques-amb-webquests-estrategies-consells-i-aprenentatges\\\/#breadcrumb\",\"itemListElement\":[{\"@type\":\"ListItem\",\"position\":1,\"name\":\"Home\",\"item\":\"https:\\\/\\\/sustain-ed.eu\\\/ca\\\/\"},{\"@type\":\"ListItem\",\"position\":2,\"name\":\"SustainEdG: Una guia pr\u00e0ctica per facilitar activitats din\u00e0miques amb WebQuests: estrat\u00e8gies, consells i aprenentatges\"}]},{\"@type\":\"WebSite\",\"@id\":\"https:\\\/\\\/sustain-ed.eu\\\/#website\",\"url\":\"https:\\\/\\\/sustain-ed.eu\\\/\",\"name\":\"SustainEd\",\"description\":\"SustainEd Erasmus+ Project\",\"publisher\":{\"@id\":\"https:\\\/\\\/sustain-ed.eu\\\/#organization\"},\"potentialAction\":[{\"@type\":\"SearchAction\",\"target\":{\"@type\":\"EntryPoint\",\"urlTemplate\":\"https:\\\/\\\/sustain-ed.eu\\\/?s={search_term_string}\"},\"query-input\":{\"@type\":\"PropertyValueSpecification\",\"valueRequired\":true,\"valueName\":\"search_term_string\"}}],\"inLanguage\":\"ca\"},{\"@type\":\"Organization\",\"@id\":\"https:\\\/\\\/sustain-ed.eu\\\/#organization\",\"name\":\"SustainEd\",\"url\":\"https:\\\/\\\/sustain-ed.eu\\\/\",\"logo\":{\"@type\":\"ImageObject\",\"inLanguage\":\"ca\",\"@id\":\"https:\\\/\\\/sustain-ed.eu\\\/#\\\/schema\\\/logo\\\/image\\\/\",\"url\":\"https:\\\/\\\/sustain-ed.eu\\\/wp-content\\\/uploads\\\/2024\\\/06\\\/SustainEd_Logo.png\",\"contentUrl\":\"https:\\\/\\\/sustain-ed.eu\\\/wp-content\\\/uploads\\\/2024\\\/06\\\/SustainEd_Logo.png\",\"width\":300,\"height\":300,\"caption\":\"SustainEd\"},\"image\":{\"@id\":\"https:\\\/\\\/sustain-ed.eu\\\/#\\\/schema\\\/logo\\\/image\\\/\"},\"sameAs\":[\"https:\\\/\\\/www.facebook.com\\\/projectSustainEd\",\"https:\\\/\\\/www.linkedin.com\\\/company\\\/102452710\",\"https:\\\/\\\/www.youtube.com\\\/@SustainEdProject\"]}]}<\/script>\n<!-- \/ Yoast SEO plugin. -->","yoast_head_json":{"title":"SustainEdG: Una guia pr\u00e0ctica per facilitar activitats din\u00e0miques amb WebQuests: estrat\u00e8gies, consells i aprenentatges | SustainEd","robots":{"index":"index","follow":"follow","max-snippet":"max-snippet:-1","max-image-preview":"max-image-preview:large","max-video-preview":"max-video-preview:-1"},"canonical":"https:\/\/sustain-ed.eu\/ca\/sustainedg-una-guia-practica-per-facilitar-activitats-dinamiques-amb-webquests-estrategies-consells-i-aprenentatges\/","og_locale":"ca_ES","og_type":"article","og_title":"SustainEdG: Una guia pr\u00e0ctica per facilitar activitats din\u00e0miques amb WebQuests: estrat\u00e8gies, consells i aprenentatges | SustainEd","og_description":"Descarrega SustainEdG o llegeix-lo en l\u00ednia a continuaci\u00f3 (nom\u00e9s en ordinadors):","og_url":"https:\/\/sustain-ed.eu\/ca\/sustainedg-una-guia-practica-per-facilitar-activitats-dinamiques-amb-webquests-estrategies-consells-i-aprenentatges\/","og_site_name":"SustainEd","article_publisher":"https:\/\/www.facebook.com\/projectSustainEd","article_modified_time":"2025-09-02T08:28:41+00:00","og_image":[{"width":1130,"height":1500,"url":"https:\/\/sustain-ed.eu\/wp-content\/uploads\/2024\/06\/protectenvironment.jpg","type":"image\/jpeg"}],"twitter_card":"summary_large_image","schema":{"@context":"https:\/\/schema.org","@graph":[{"@type":"WebPage","@id":"https:\/\/sustain-ed.eu\/ca\/sustainedg-una-guia-practica-per-facilitar-activitats-dinamiques-amb-webquests-estrategies-consells-i-aprenentatges\/","url":"https:\/\/sustain-ed.eu\/ca\/sustainedg-una-guia-practica-per-facilitar-activitats-dinamiques-amb-webquests-estrategies-consells-i-aprenentatges\/","name":"SustainEdG: Una guia pr\u00e0ctica per facilitar activitats din\u00e0miques amb WebQuests: estrat\u00e8gies, consells i aprenentatges | SustainEd","isPartOf":{"@id":"https:\/\/sustain-ed.eu\/#website"},"datePublished":"2025-07-18T10:09:56+00:00","dateModified":"2025-09-02T08:28:41+00:00","breadcrumb":{"@id":"https:\/\/sustain-ed.eu\/ca\/sustainedg-una-guia-practica-per-facilitar-activitats-dinamiques-amb-webquests-estrategies-consells-i-aprenentatges\/#breadcrumb"},"inLanguage":"ca","potentialAction":[{"@type":"ReadAction","target":["https:\/\/sustain-ed.eu\/ca\/sustainedg-una-guia-practica-per-facilitar-activitats-dinamiques-amb-webquests-estrategies-consells-i-aprenentatges\/"]}]},{"@type":"BreadcrumbList","@id":"https:\/\/sustain-ed.eu\/ca\/sustainedg-una-guia-practica-per-facilitar-activitats-dinamiques-amb-webquests-estrategies-consells-i-aprenentatges\/#breadcrumb","itemListElement":[{"@type":"ListItem","position":1,"name":"Home","item":"https:\/\/sustain-ed.eu\/ca\/"},{"@type":"ListItem","position":2,"name":"SustainEdG: Una guia pr\u00e0ctica per facilitar activitats din\u00e0miques amb WebQuests: estrat\u00e8gies, consells i aprenentatges"}]},{"@type":"WebSite","@id":"https:\/\/sustain-ed.eu\/#website","url":"https:\/\/sustain-ed.eu\/","name":"SustainEd","description":"SustainEd Erasmus+ Project","publisher":{"@id":"https:\/\/sustain-ed.eu\/#organization"},"potentialAction":[{"@type":"SearchAction","target":{"@type":"EntryPoint","urlTemplate":"https:\/\/sustain-ed.eu\/?s={search_term_string}"},"query-input":{"@type":"PropertyValueSpecification","valueRequired":true,"valueName":"search_term_string"}}],"inLanguage":"ca"},{"@type":"Organization","@id":"https:\/\/sustain-ed.eu\/#organization","name":"SustainEd","url":"https:\/\/sustain-ed.eu\/","logo":{"@type":"ImageObject","inLanguage":"ca","@id":"https:\/\/sustain-ed.eu\/#\/schema\/logo\/image\/","url":"https:\/\/sustain-ed.eu\/wp-content\/uploads\/2024\/06\/SustainEd_Logo.png","contentUrl":"https:\/\/sustain-ed.eu\/wp-content\/uploads\/2024\/06\/SustainEd_Logo.png","width":300,"height":300,"caption":"SustainEd"},"image":{"@id":"https:\/\/sustain-ed.eu\/#\/schema\/logo\/image\/"},"sameAs":["https:\/\/www.facebook.com\/projectSustainEd","https:\/\/www.linkedin.com\/company\/102452710","https:\/\/www.youtube.com\/@SustainEdProject"]}]}},"_links":{"self":[{"href":"https:\/\/sustain-ed.eu\/ca\/wp-json\/wp\/v2\/pages\/29965","targetHints":{"allow":["GET"]}}],"collection":[{"href":"https:\/\/sustain-ed.eu\/ca\/wp-json\/wp\/v2\/pages"}],"about":[{"href":"https:\/\/sustain-ed.eu\/ca\/wp-json\/wp\/v2\/types\/page"}],"author":[{"embeddable":true,"href":"https:\/\/sustain-ed.eu\/ca\/wp-json\/wp\/v2\/users\/1"}],"replies":[{"embeddable":true,"href":"https:\/\/sustain-ed.eu\/ca\/wp-json\/wp\/v2\/comments?post=29965"}],"version-history":[{"count":0,"href":"https:\/\/sustain-ed.eu\/ca\/wp-json\/wp\/v2\/pages\/29965\/revisions"}],"wp:attachment":[{"href":"https:\/\/sustain-ed.eu\/ca\/wp-json\/wp\/v2\/media?parent=29965"}],"curies":[{"name":"wp","href":"https:\/\/api.w.org\/{rel}","templated":true}]}}