{"id":20425,"date":"2024-06-18T07:15:13","date_gmt":"2024-06-18T07:15:13","guid":{"rendered":"https:\/\/sustain-ed.eu\/?page_id=20425"},"modified":"2024-07-19T06:57:21","modified_gmt":"2024-07-19T06:57:21","slug":"politica-de-privacidad","status":"publish","type":"page","link":"https:\/\/sustain-ed.eu\/es\/politica-de-privacidad\/","title":{"rendered":"Pol\u00edtica de privacidad"},"content":{"rendered":"\t\t<div data-elementor-type=\"wp-page\" data-elementor-id=\"20425\" class=\"elementor elementor-20425 elementor-19780\">\n\t\t\t\t<div class=\"e-con-with-custom-width elementor-element elementor-element-85d9aa1 e-flex e-con-boxed sc_layouts_column_icons_position_left wpr-particle-no wpr-jarallax-no wpr-parallax-no wpr-sticky-section-no e-con e-parent\" data-id=\"85d9aa1\" data-element_type=\"container\" data-settings=\"{&quot;background_background&quot;:&quot;classic&quot;}\">\n\t\t\t\t\t<div class=\"e-con-inner\">\n\t\t<div class=\"elementor-element elementor-element-11d9623 e-con-full e-flex sc_layouts_column_icons_position_left wpr-particle-no wpr-jarallax-no wpr-parallax-no wpr-sticky-section-no e-con e-child\" data-id=\"11d9623\" data-element_type=\"container\">\n\t\t\t\t<div class=\"elementor-element elementor-element-ce1279b sc_fly_static elementor-widget elementor-widget-heading\" data-id=\"ce1279b\" data-element_type=\"widget\" data-widget_type=\"heading.default\">\n\t\t\t\t<div class=\"elementor-widget-container\">\n\t\t\t\t\t<h1 class=\"elementor-heading-title elementor-size-default\">Pol\u00edtica de privacidad<\/h1>\t\t\t\t<\/div>\n\t\t\t\t<\/div>\n\t\t\t\t<\/div>\n\t\t\t\t\t<\/div>\n\t\t\t\t<\/div>\n\t\t<div class=\"e-con-with-custom-width elementor-element elementor-element-f5a613c e-flex e-con-boxed sc_layouts_column_icons_position_left wpr-particle-no wpr-jarallax-no wpr-parallax-no wpr-sticky-section-no e-con e-parent\" data-id=\"f5a613c\" data-element_type=\"container\" data-settings=\"{&quot;background_background&quot;:&quot;classic&quot;}\">\n\t\t\t\t\t<div class=\"e-con-inner\">\n\t\t<div class=\"elementor-element elementor-element-f91a987 e-con-full e-flex sc_layouts_column_icons_position_left wpr-particle-no wpr-jarallax-no wpr-parallax-no wpr-sticky-section-no e-con e-child\" data-id=\"f91a987\" data-element_type=\"container\">\n\t\t\t\t<div class=\"elementor-element elementor-element-5464328 sc_fly_static elementor-widget elementor-widget-text-editor\" data-id=\"5464328\" data-element_type=\"widget\" data-widget_type=\"text-editor.default\">\n\t\t\t\t<div class=\"elementor-widget-container\">\n\t\t\t\t\t\t\t\t\t<h2>\u00c1mbito de aplicaci\u00f3n<\/h2><p>Esta explicaci\u00f3n de nuestra pol\u00edtica de privacidad comprende la naturaleza, el alcance y la finalidad de la recopilaci\u00f3n y el uso de datos personales en el sitio web www.sustain-ed.eu (en adelante, \u00absitio web\u00bb). Este sitio web es para el proyecto SustainEd \u2013 Una Iniciativa Conjunta de Empresas y Educaci\u00f3n Superior para un Futuro M\u00e1s Verde, con n\u00famero de proyecto 2023-1-HU01-KA220-HED-000165475, que ha sido financiado con el apoyo de la Comisi\u00f3n Europea y del programa Erasmus+ de la Uni\u00f3n Europea.<\/p><p>El organismo responsable de todos los datos personales recopilados en este sitio web (a menos que la explicaci\u00f3n de la pol\u00edtica de privacidad indique lo contrario) es el consorcio del proyecto:<\/p><ul><li>Solicitante \u2013 LP: Milton Friedman Egyetem<\/li><li>Colaborador \u2013 P2: Universitat Aut\u00f2noma de Barcelona<\/li><li>Colaborador \u2013 P3: Fondazione Fenice Onlus<\/li><li>Colaborador \u2013 P4: Storytellme, Unipessoal LDA<\/li><li>Colaborador \u2013 P5: Acta Foundation<\/li><li>Colaborador \u2013 P6: ETE Faros LTD<\/li><\/ul><p>(en lo sucesivo, se hace referencia a \u00e9l con marcas de la primera persona del plural, como la forma nosotros y expresiones similares). A menos que esta pol\u00edtica de privacidad indique lo contrario, somos la autoridad responsable de todos los datos personales que se recopilan en el sitio web. Puede encontrar m\u00e1s informaci\u00f3n sobre nosotros y nuestros datos de contacto en la p\u00e1gina de contacto. Se puede contactar con los responsables de protecci\u00f3n de datos del consorcio a trav\u00e9s de la siguiente direcci\u00f3n de correo electr\u00f3nico: <a href=\"mailto:project@sustain-ed.eu\">project@sustain-ed.eu<\/a><\/p><h2>Informaci\u00f3n que recopilamos y c\u00f3mo la usamos<\/h2><p>Podemos recopilar informaci\u00f3n de identificaci\u00f3n personal de los usuarios en varias situaciones, que incluyen, entre otras, el momento en que los usuarios visitan nuestro sitio web, rellenan un formulario, responden a una encuesta y participan en otras actividades, servicios, funciones o recursos que pongamos a disposici\u00f3n en nuestro sitio web. Esta informaci\u00f3n suele incluir un nombre o una direcci\u00f3n de correo electr\u00f3nico.<\/p><p>No ganamos dinero con los anuncios. Por tanto, no recopilamos datos para hacerle publicidad. Utilizamos su informaci\u00f3n personal solo para facilitar y mejorar el sitio web. Al usar el sitio web, usted acepta la recopilaci\u00f3n y el uso de informaci\u00f3n de acuerdo con esta pol\u00edtica.<\/p><p>Adoptamos pr\u00e1cticas adecuadas de recopilaci\u00f3n, almacenamiento y procesamiento de datos y medidas apropiadas de seguridad para la protecci\u00f3n contra el acceso no autorizado, la alteraci\u00f3n, la divulgaci\u00f3n o la destrucci\u00f3n de su informaci\u00f3n personal, nombre de usuario, contrase\u00f1a, informaci\u00f3n de operaciones y datos almacenados en nuestro sitio web.<\/p><p>No vendemos, intercambiamos ni cedemos informaci\u00f3n de identificaci\u00f3n personal de los usuarios a otras personas. Podemos compartir informaci\u00f3n demogr\u00e1fica agregada gen\u00e9rica no vinculada a ninguna informaci\u00f3n de identificaci\u00f3n personal sobre visitantes y usuarios con nuestros colaboradores comerciales, afiliados de confianza y anunciantes para los fines mencionados anteriormente.<\/p><h2>Datos de registro<\/h2><p>Recopilamos la informaci\u00f3n que su navegador env\u00eda cada vez que visita nuestro sitio web. Estos datos de registro pueden incluir informaci\u00f3n como la direcci\u00f3n de protocolo de Internet (\u00abIP\u00bb) de su ordenador, el tipo de navegador, la versi\u00f3n del navegador, las p\u00e1ginas de nuestro sitio web que visita, la hora y fecha de su visita, el tiempo que pasa en esas p\u00e1ginas y otros datos estad\u00edsticos. Estos datos no se unen a los dem\u00e1s datos personales que pueda introducir activamente mientras usa el sitio web. Las direcciones IP se anonimizan inmediatamente en la etapa m\u00e1s temprana posible de la red de recopilaci\u00f3n.<\/p><h2>Cookies<\/h2><p>Nuestro sitio web emplea cookies. Las cookies no contienen ninguna informaci\u00f3n que le identifique personalmente, pero puede ser que vinculemos la informaci\u00f3n personal que guardamos sobre usted con la informaci\u00f3n almacenada y obtenida de las cookies. Las cookies utilizadas en el sitio web incluyen las que son estrictamente necesarias para el acceso y la navegaci\u00f3n, las que recuerdan sus elecciones (cookies de funcionalidad) y las que rastrean el uso. Puede aceptar o rechazar las cookies que rastrean el uso.<\/p><p>Los usuarios pueden optar por configurar su navegador para rechazar las cookies o para que se les avise cuando se env\u00eden cookies. En este caso, hay que tener en cuenta que algunas partes del sitio web pueden no funcionar correctamente.<\/p><h2>Google Analytics<\/h2><p>Este sitio web utiliza Google Analytics, un servicio de an\u00e1lisis web de Google Inc. (en lo sucesivo, Google). Google Analytics emplea cookies, que se almacenan en su ordenador a fin de facilitar un an\u00e1lisis de su uso del sitio web. La informaci\u00f3n generada por estas cookies, como la hora, el lugar y la frecuencia de sus visitas a nuestro sitio web, incluida su direcci\u00f3n IP, se transmite a la ubicaci\u00f3n de Google y se almacena all\u00ed. Al utilizar Google Analytics, nuestro sitio web emplea la extensi\u00f3n anonymizeIp. De esta forma, Google abrevia y, por tanto, anonimiza su direcci\u00f3n IP antes de transferirla. Google emplea esta informaci\u00f3n para analizar su uso de nuestro sitio web, para compilar informes para nosotros sobre la actividad en Internet y para ofrecer otros servicios relacionados con nuestro sitio web.<\/p><p>Puede decidir si acepta o rechaza el uso de Google Analytics en su ordenador cuando visite el sitio web por primera vez.<\/p><h2>Cambios en la presente pol\u00edtica de privacidad<\/h2><p>Esta pol\u00edtica de privacidad es efectiva a partir del 1 de mayo de 2024, y permanecer\u00e1 en vigor excepto en lo que respecta a cualquier cambio en sus disposiciones en el futuro, que entrar\u00e1 en vigor inmediatamente despu\u00e9s de ser publicado en esta p\u00e1gina.<\/p><p>Nos reservamos el derecho a actualizar o cambiar nuestra pol\u00edtica de privacidad en cualquier momento, de forma que usted deber\u00e1 consultarla peri\u00f3dicamente. Cuando lo hagamos, publicaremos una notificaci\u00f3n en la p\u00e1gina principal de nuestro sitio web. Animamos a los usuarios a revisar con frecuencia esta p\u00e1gina para comprobar si se ha producido alg\u00fan cambio e informarse acerca de c\u00f3mo contribuimos a proteger la informaci\u00f3n personal que recopilamos. Usted reconoce y acepta que es su responsabilidad revisar esta pol\u00edtica de privacidad peri\u00f3dicamente y estar al caso de las modificaciones.<\/p><h2>Contacte con nosotros<\/h2><p>Si tiene alguna pregunta sobre esta pol\u00edtica de privacidad, las pr\u00e1cticas de este sitio web o su relaci\u00f3n con este sitio web, le rogamos que se ponga en contacto con nosotros mediante la direcci\u00f3n <a href=\"mailto:project@sustain-ed.eu\">project@sustain-ed.eu<\/a><\/p>\t\t\t\t\t\t\t\t<\/div>\n\t\t\t\t<\/div>\n\t\t\t\t<\/div>\n\t\t\t\t\t<\/div>\n\t\t\t\t<\/div>\n\t\t\t\t<\/div>\n\t\t","protected":false},"excerpt":{"rendered":"<p>Pol\u00edtica de privacidad \u00c1mbito de aplicaci\u00f3n Esta explicaci\u00f3n de nuestra pol\u00edtica de privacidad comprende la naturaleza, el alcance y la finalidad de la recopilaci\u00f3n y el uso de datos personales&hellip;<\/p>\n","protected":false},"author":1,"featured_media":0,"parent":0,"menu_order":0,"comment_status":"closed","ping_status":"closed","template":"elementor_header_footer","meta":{"footnotes":""},"class_list":["post-20425","page","type-page","status-publish","hentry"],"yoast_head":"<!-- This site is optimized with the Yoast SEO plugin v27.4 - https:\/\/yoast.com\/product\/yoast-seo-wordpress\/ -->\n<title>Pol\u00edtica de privacidad | SustainEd<\/title>\n<meta name=\"robots\" content=\"index, follow, max-snippet:-1, max-image-preview:large, max-video-preview:-1\" \/>\n<link rel=\"canonical\" href=\"https:\/\/sustain-ed.eu\/es\/politica-de-privacidad\/\" \/>\n<meta property=\"og:locale\" content=\"es_ES\" \/>\n<meta property=\"og:type\" content=\"article\" \/>\n<meta property=\"og:title\" content=\"Pol\u00edtica de privacidad | SustainEd\" \/>\n<meta property=\"og:description\" content=\"Pol\u00edtica de privacidad \u00c1mbito de aplicaci\u00f3n Esta explicaci\u00f3n de nuestra pol\u00edtica de privacidad comprende la naturaleza, el alcance y la finalidad de la recopilaci\u00f3n y el uso de datos personales&hellip;\" \/>\n<meta property=\"og:url\" content=\"https:\/\/sustain-ed.eu\/es\/politica-de-privacidad\/\" \/>\n<meta property=\"og:site_name\" content=\"SustainEd\" \/>\n<meta property=\"article:publisher\" content=\"https:\/\/www.facebook.com\/projectSustainEd\" \/>\n<meta property=\"article:modified_time\" content=\"2024-07-19T06:57:21+00:00\" \/>\n<meta property=\"og:image\" content=\"https:\/\/sustain-ed.eu\/wp-content\/uploads\/2024\/06\/protectenvironment.jpg\" \/>\n\t<meta property=\"og:image:width\" content=\"1130\" \/>\n\t<meta property=\"og:image:height\" content=\"1500\" \/>\n\t<meta property=\"og:image:type\" content=\"image\/jpeg\" \/>\n<meta name=\"twitter:card\" content=\"summary_large_image\" \/>\n<meta name=\"twitter:label1\" content=\"Tiempo de lectura\" \/>\n\t<meta name=\"twitter:data1\" content=\"5 minutos\" \/>\n<script type=\"application\/ld+json\" class=\"yoast-schema-graph\">{\"@context\":\"https:\\\/\\\/schema.org\",\"@graph\":[{\"@type\":\"WebPage\",\"@id\":\"https:\\\/\\\/sustain-ed.eu\\\/es\\\/politica-de-privacidad\\\/\",\"url\":\"https:\\\/\\\/sustain-ed.eu\\\/es\\\/politica-de-privacidad\\\/\",\"name\":\"Pol\u00edtica de privacidad | SustainEd\",\"isPartOf\":{\"@id\":\"https:\\\/\\\/sustain-ed.eu\\\/#website\"},\"datePublished\":\"2024-06-18T07:15:13+00:00\",\"dateModified\":\"2024-07-19T06:57:21+00:00\",\"breadcrumb\":{\"@id\":\"https:\\\/\\\/sustain-ed.eu\\\/es\\\/politica-de-privacidad\\\/#breadcrumb\"},\"inLanguage\":\"es\",\"potentialAction\":[{\"@type\":\"ReadAction\",\"target\":[\"https:\\\/\\\/sustain-ed.eu\\\/es\\\/politica-de-privacidad\\\/\"]}]},{\"@type\":\"BreadcrumbList\",\"@id\":\"https:\\\/\\\/sustain-ed.eu\\\/es\\\/politica-de-privacidad\\\/#breadcrumb\",\"itemListElement\":[{\"@type\":\"ListItem\",\"position\":1,\"name\":\"Home\",\"item\":\"https:\\\/\\\/sustain-ed.eu\\\/es\\\/\"},{\"@type\":\"ListItem\",\"position\":2,\"name\":\"Pol\u00edtica de privacidad\"}]},{\"@type\":\"WebSite\",\"@id\":\"https:\\\/\\\/sustain-ed.eu\\\/#website\",\"url\":\"https:\\\/\\\/sustain-ed.eu\\\/\",\"name\":\"SustainEd\",\"description\":\"SustainEd Erasmus+ Project\",\"publisher\":{\"@id\":\"https:\\\/\\\/sustain-ed.eu\\\/#organization\"},\"potentialAction\":[{\"@type\":\"SearchAction\",\"target\":{\"@type\":\"EntryPoint\",\"urlTemplate\":\"https:\\\/\\\/sustain-ed.eu\\\/?s={search_term_string}\"},\"query-input\":{\"@type\":\"PropertyValueSpecification\",\"valueRequired\":true,\"valueName\":\"search_term_string\"}}],\"inLanguage\":\"es\"},{\"@type\":\"Organization\",\"@id\":\"https:\\\/\\\/sustain-ed.eu\\\/#organization\",\"name\":\"SustainEd\",\"url\":\"https:\\\/\\\/sustain-ed.eu\\\/\",\"logo\":{\"@type\":\"ImageObject\",\"inLanguage\":\"es\",\"@id\":\"https:\\\/\\\/sustain-ed.eu\\\/#\\\/schema\\\/logo\\\/image\\\/\",\"url\":\"https:\\\/\\\/sustain-ed.eu\\\/wp-content\\\/uploads\\\/2024\\\/06\\\/SustainEd_Logo.png\",\"contentUrl\":\"https:\\\/\\\/sustain-ed.eu\\\/wp-content\\\/uploads\\\/2024\\\/06\\\/SustainEd_Logo.png\",\"width\":300,\"height\":300,\"caption\":\"SustainEd\"},\"image\":{\"@id\":\"https:\\\/\\\/sustain-ed.eu\\\/#\\\/schema\\\/logo\\\/image\\\/\"},\"sameAs\":[\"https:\\\/\\\/www.facebook.com\\\/projectSustainEd\",\"https:\\\/\\\/www.linkedin.com\\\/company\\\/102452710\",\"https:\\\/\\\/www.youtube.com\\\/@SustainEdProject\"]}]}<\/script>\n<!-- \/ Yoast SEO plugin. -->","yoast_head_json":{"title":"Pol\u00edtica de privacidad | SustainEd","robots":{"index":"index","follow":"follow","max-snippet":"max-snippet:-1","max-image-preview":"max-image-preview:large","max-video-preview":"max-video-preview:-1"},"canonical":"https:\/\/sustain-ed.eu\/es\/politica-de-privacidad\/","og_locale":"es_ES","og_type":"article","og_title":"Pol\u00edtica de privacidad | SustainEd","og_description":"Pol\u00edtica de privacidad \u00c1mbito de aplicaci\u00f3n Esta explicaci\u00f3n de nuestra pol\u00edtica de privacidad comprende la naturaleza, el alcance y la finalidad de la recopilaci\u00f3n y el uso de datos personales&hellip;","og_url":"https:\/\/sustain-ed.eu\/es\/politica-de-privacidad\/","og_site_name":"SustainEd","article_publisher":"https:\/\/www.facebook.com\/projectSustainEd","article_modified_time":"2024-07-19T06:57:21+00:00","og_image":[{"width":1130,"height":1500,"url":"https:\/\/sustain-ed.eu\/wp-content\/uploads\/2024\/06\/protectenvironment.jpg","type":"image\/jpeg"}],"twitter_card":"summary_large_image","twitter_misc":{"Tiempo de lectura":"5 minutos"},"schema":{"@context":"https:\/\/schema.org","@graph":[{"@type":"WebPage","@id":"https:\/\/sustain-ed.eu\/es\/politica-de-privacidad\/","url":"https:\/\/sustain-ed.eu\/es\/politica-de-privacidad\/","name":"Pol\u00edtica de privacidad | SustainEd","isPartOf":{"@id":"https:\/\/sustain-ed.eu\/#website"},"datePublished":"2024-06-18T07:15:13+00:00","dateModified":"2024-07-19T06:57:21+00:00","breadcrumb":{"@id":"https:\/\/sustain-ed.eu\/es\/politica-de-privacidad\/#breadcrumb"},"inLanguage":"es","potentialAction":[{"@type":"ReadAction","target":["https:\/\/sustain-ed.eu\/es\/politica-de-privacidad\/"]}]},{"@type":"BreadcrumbList","@id":"https:\/\/sustain-ed.eu\/es\/politica-de-privacidad\/#breadcrumb","itemListElement":[{"@type":"ListItem","position":1,"name":"Home","item":"https:\/\/sustain-ed.eu\/es\/"},{"@type":"ListItem","position":2,"name":"Pol\u00edtica de privacidad"}]},{"@type":"WebSite","@id":"https:\/\/sustain-ed.eu\/#website","url":"https:\/\/sustain-ed.eu\/","name":"SustainEd","description":"SustainEd Erasmus+ Project","publisher":{"@id":"https:\/\/sustain-ed.eu\/#organization"},"potentialAction":[{"@type":"SearchAction","target":{"@type":"EntryPoint","urlTemplate":"https:\/\/sustain-ed.eu\/?s={search_term_string}"},"query-input":{"@type":"PropertyValueSpecification","valueRequired":true,"valueName":"search_term_string"}}],"inLanguage":"es"},{"@type":"Organization","@id":"https:\/\/sustain-ed.eu\/#organization","name":"SustainEd","url":"https:\/\/sustain-ed.eu\/","logo":{"@type":"ImageObject","inLanguage":"es","@id":"https:\/\/sustain-ed.eu\/#\/schema\/logo\/image\/","url":"https:\/\/sustain-ed.eu\/wp-content\/uploads\/2024\/06\/SustainEd_Logo.png","contentUrl":"https:\/\/sustain-ed.eu\/wp-content\/uploads\/2024\/06\/SustainEd_Logo.png","width":300,"height":300,"caption":"SustainEd"},"image":{"@id":"https:\/\/sustain-ed.eu\/#\/schema\/logo\/image\/"},"sameAs":["https:\/\/www.facebook.com\/projectSustainEd","https:\/\/www.linkedin.com\/company\/102452710","https:\/\/www.youtube.com\/@SustainEdProject"]}]}},"_links":{"self":[{"href":"https:\/\/sustain-ed.eu\/es\/wp-json\/wp\/v2\/pages\/20425","targetHints":{"allow":["GET"]}}],"collection":[{"href":"https:\/\/sustain-ed.eu\/es\/wp-json\/wp\/v2\/pages"}],"about":[{"href":"https:\/\/sustain-ed.eu\/es\/wp-json\/wp\/v2\/types\/page"}],"author":[{"embeddable":true,"href":"https:\/\/sustain-ed.eu\/es\/wp-json\/wp\/v2\/users\/1"}],"replies":[{"embeddable":true,"href":"https:\/\/sustain-ed.eu\/es\/wp-json\/wp\/v2\/comments?post=20425"}],"version-history":[{"count":0,"href":"https:\/\/sustain-ed.eu\/es\/wp-json\/wp\/v2\/pages\/20425\/revisions"}],"wp:attachment":[{"href":"https:\/\/sustain-ed.eu\/es\/wp-json\/wp\/v2\/media?parent=20425"}],"curies":[{"name":"wp","href":"https:\/\/api.w.org\/{rel}","templated":true}]}}