{"id":20185,"date":"2024-06-18T07:15:13","date_gmt":"2024-06-18T07:15:13","guid":{"rendered":"https:\/\/sustain-ed.eu\/?page_id=20185"},"modified":"2024-07-18T08:29:29","modified_gmt":"2024-07-18T08:29:29","slug":"adatvedelmi-iranyelvek","status":"publish","type":"page","link":"https:\/\/sustain-ed.eu\/hu\/adatvedelmi-iranyelvek\/","title":{"rendered":"Adatv\u00e9delmi ir\u00e1nyelvek"},"content":{"rendered":"\t\t<div data-elementor-type=\"wp-page\" data-elementor-id=\"20185\" class=\"elementor elementor-20185 elementor-19780\">\n\t\t\t\t<div class=\"e-con-with-custom-width elementor-element elementor-element-85d9aa1 e-flex e-con-boxed sc_layouts_column_icons_position_left wpr-particle-no wpr-jarallax-no wpr-parallax-no wpr-sticky-section-no e-con e-parent\" data-id=\"85d9aa1\" data-element_type=\"container\" data-settings=\"{&quot;background_background&quot;:&quot;classic&quot;}\">\n\t\t\t\t\t<div class=\"e-con-inner\">\n\t\t<div class=\"elementor-element elementor-element-11d9623 e-con-full e-flex sc_layouts_column_icons_position_left wpr-particle-no wpr-jarallax-no wpr-parallax-no wpr-sticky-section-no e-con e-child\" data-id=\"11d9623\" data-element_type=\"container\">\n\t\t\t\t<div class=\"elementor-element elementor-element-ce1279b sc_fly_static elementor-widget elementor-widget-heading\" data-id=\"ce1279b\" data-element_type=\"widget\" data-widget_type=\"heading.default\">\n\t\t\t\t<div class=\"elementor-widget-container\">\n\t\t\t\t\t<h1 class=\"elementor-heading-title elementor-size-default\">Adatv\u00e9delmi ir\u00e1nyelvek<\/h1>\t\t\t\t<\/div>\n\t\t\t\t<\/div>\n\t\t\t\t<\/div>\n\t\t\t\t\t<\/div>\n\t\t\t\t<\/div>\n\t\t<div class=\"e-con-with-custom-width elementor-element elementor-element-f5a613c e-flex e-con-boxed sc_layouts_column_icons_position_left wpr-particle-no wpr-jarallax-no wpr-parallax-no wpr-sticky-section-no e-con e-parent\" data-id=\"f5a613c\" data-element_type=\"container\" data-settings=\"{&quot;background_background&quot;:&quot;classic&quot;}\">\n\t\t\t\t\t<div class=\"e-con-inner\">\n\t\t<div class=\"elementor-element elementor-element-f91a987 e-con-full e-flex sc_layouts_column_icons_position_left wpr-particle-no wpr-jarallax-no wpr-parallax-no wpr-sticky-section-no e-con e-child\" data-id=\"f91a987\" data-element_type=\"container\">\n\t\t\t\t<div class=\"elementor-element elementor-element-5464328 sc_fly_static elementor-widget elementor-widget-text-editor\" data-id=\"5464328\" data-element_type=\"widget\" data-widget_type=\"text-editor.default\">\n\t\t\t\t<div class=\"elementor-widget-container\">\n\t\t\t\t\t\t\t\t\t<h2>Alkalmaz\u00e1si ter\u00fclet<\/h2><p>Adatv\u00e9delmi szab\u00e1lyzatunk jelen magyar\u00e1zata a www.sustain-ed.eu weboldalon (a tov\u00e1bbiakban: weboldal) t\u00f6rt\u00e9n\u0151 szem\u00e9lyes adatok gy\u0171jt\u00e9s\u00e9nek \u00e9s felhaszn\u00e1l\u00e1s\u00e1nak jelleg\u00e9re, terjedelm\u00e9re \u00e9s c\u00e9lj\u00e1ra terjed ki. Ez a weboldal a &#8222;SustainEd&#8221; projekt &#8211; &#8222;Az \u00fczleti \u00e9s a fels\u0151oktat\u00e1si szektor k\u00f6z\u00f6s kezdem\u00e9nyez\u00e9se a z\u00f6ldebb j\u00f6v\u0151 \u00e9rdek\u00e9ben&#8221; c\u00edm\u0171, 2023-1-HU01-KA220-HED-000165475 azonos\u00edt\u00f3sz\u00e1m\u00fa projekthez tartozik, amelyet az Eur\u00f3pai Bizotts\u00e1g t\u00e1mogat\u00e1s\u00e1val, az Eur\u00f3pai Uni\u00f3\u00a0 Erasmus+ programj\u00e1nak t\u00e1mogat\u00e1s\u00e1val finansz\u00edroztak.<\/p><p>Az ezen a weboldalon \u00f6sszegy\u0171jt\u00f6tt szem\u00e9lyes adatok\u00e9rt felel\u0151s szerv (hacsak ez az adatv\u00e9delmi nyilatkozat m\u00e1sk\u00e9nt nem rendelkezik) a projekt konzorciuma:<\/p><ul><li>P\u00e1ly\u00e1z\u00f3 &#8211; LP : Milton Friedman Egyetem<\/li><li>Partner &#8211; P2 : UNIVERSITAT AUTONOMA DE BARCELONA<\/li><li>Partner &#8211; P3 : Fondazione Fenice Onlus<\/li><li>Partner &#8211; P4 : STORYTELLME, UNIPESSOAL LDA<\/li><li>Partner &#8211; P5 : Acta Foundation<\/li><li>Partner &#8211; P6 : ETE FAROS LTD<\/li><\/ul><p>(a tov\u00e1bbiakban &#8222;mi&#8221;, &#8222;minket&#8221; vagy &#8222;mi\u00e9nk&#8221;). Amennyiben ez az adatv\u00e9delmi szab\u00e1lyzat m\u00e1sk\u00e9nt nem rendelkezik, mi vagyunk a felel\u0151s hat\u00f3s\u00e1g a weboldalon gy\u0171jt\u00f6tt valamennyi szem\u00e9lyes adat\u00e9rt. Tov\u00e1bbi inform\u00e1ci\u00f3kat r\u00f3lunk, valamint el\u00e9rhet\u0151s\u00e9geinket a Kapcsolat oldalon tal\u00e1lja. A konzorcium adatv\u00e9delmi felel\u0151sei a k\u00f6vetkez\u0151 e-mail c\u00edmeken \u00e9rhet\u0151k el: project@sustain-ed.eu<\/p><h2>Az \u00e1ltalunk gy\u0171jt\u00f6tt inform\u00e1ci\u00f3k \u00e9s felhaszn\u00e1l\u00e1suk m\u00f3dja<\/h2><p>A Felhaszn\u00e1l\u00f3kt\u00f3l k\u00fcl\u00f6nb\u00f6z\u0151 m\u00f3don gy\u0171jthet\u00fcnk szem\u00e9lyes azonos\u00edt\u00f3 adatokat, t\u00f6bbek k\u00f6z\u00f6tt, de nem kiz\u00e1r\u00f3lagosan, amikor a Felhaszn\u00e1l\u00f3k megl\u00e1togatj\u00e1k a weboldalunkat, kit\u00f6ltenek egy \u0171rlapot, v\u00e1laszolnak egy felm\u00e9r\u00e9sre, valamint a weboldalunkon el\u00e9rhet\u0151v\u00e9 tett egy\u00e9b tev\u00e9kenys\u00e9gek, szolg\u00e1ltat\u00e1sok, funkci\u00f3k vagy er\u0151forr\u00e1sok kapcs\u00e1n. Ezek az inform\u00e1ci\u00f3k jellemz\u0151en nevet vagy e-mail c\u00edmet tartalmaznak.<\/p><p>Nem gy\u0171jt\u00fcnk adatokat azzal a c\u00e9llal, hogy hirdet\u00e9seket k\u00fcldj\u00fcnk \u00d6nnek. Szem\u00e9lyes adatait kiz\u00e1r\u00f3lag a weboldal biztos\u00edt\u00e1s\u00e1hoz \u00e9s fejleszt\u00e9s\u00e9hez haszn\u00e1ljuk fel. A weboldal haszn\u00e1lat\u00e1val \u00d6n beleegyezik, hogy az inform\u00e1ci\u00f3kat a jelen szab\u00e1lyzatnak megfelel\u0151en gy\u0171jts\u00fck \u00e9s haszn\u00e1ljuk fel.<\/p><p>Megfelel\u0151 adatgy\u0171jt\u00e9si, t\u00e1rol\u00e1si \u00e9s feldolgoz\u00e1si gyakorlatokat \u00e9s biztons\u00e1gi int\u00e9zked\u00e9seket alkalmazunk, hogy megv\u00e9dj\u00fck az \u00d6n szem\u00e9lyes adatait, felhaszn\u00e1l\u00f3nev\u00e9t, jelszav\u00e1t, tranzakci\u00f3s inform\u00e1ci\u00f3it \u00e9s a weboldalunkon t\u00e1rolt adatokat a jogosulatlan hozz\u00e1f\u00e9r\u00e9st\u0151l, megv\u00e1ltoztat\u00e1st\u00f3l, k\u00f6zz\u00e9t\u00e9telt\u0151l vagy megsemmis\u00edt\u00e9st\u0151l.<\/p><p>Nem adjuk el, nem keresked\u00fcnk \u00e9s nem adjuk b\u00e9rbe a Felhaszn\u00e1l\u00f3k szem\u00e9lyes azonos\u00edt\u00f3 adatait m\u00e1soknak. A l\u00e1togat\u00f3kra \u00e9s felhaszn\u00e1l\u00f3kra vonatkoz\u00f3, szem\u00e9lyes azonos\u00edt\u00f3 adatokhoz nem kapcsol\u00f3d\u00f3 \u00e1ltal\u00e1nos, \u00f6sszes\u00edtett demogr\u00e1fiai inform\u00e1ci\u00f3kat a fentiekben ismertetett c\u00e9lokb\u00f3l megoszthatjuk \u00fczleti partnereinkkel, megb\u00edzhat\u00f3 t\u00e1rsv\u00e1llalatokkal \u00e9s hirdet\u0151kkel.<\/p><h2>Napl\u00f3adatok<\/h2><p>Gy\u0171jtj\u00fck azokat az inform\u00e1ci\u00f3kat, amelyeket a b\u00f6ng\u00e9sz\u0151je k\u00fcld, amikor megl\u00e1togatja a weboldalunkat. Ezek a napl\u00f3adatok olyan inform\u00e1ci\u00f3kat tartalmazhatnak, mint a sz\u00e1m\u00edt\u00f3g\u00e9p Internet Protocol (&#8222;IP&#8221;) c\u00edme, a b\u00f6ng\u00e9sz\u0151 t\u00edpusa, a b\u00f6ng\u00e9sz\u0151 verzi\u00f3ja, a weboldalunk megl\u00e1togatott oldalai, a l\u00e1togat\u00e1s id\u0151pontja \u00e9s d\u00e1tuma, az ezeken az oldalakon t\u00f6lt\u00f6tt id\u0151, valamint egy\u00e9b statisztik\u00e1k. Ezek az adatok nem ker\u00fclnek \u00f6sszevon\u00e1sra m\u00e1s szem\u00e9lyes adatokkal, amelyeket \u00d6n a weboldal haszn\u00e1lata sor\u00e1n akt\u00edvan megad. Az IP-c\u00edmeket a gy\u0171jt\u0151h\u00e1l\u00f3zat lehet\u0151 legkor\u00e1bbi szakasz\u00e1ban azonnal anonimiz\u00e1ljuk.<\/p><h2>S\u00fctik<\/h2><p>Weboldalunk s\u00fctiket alkalmaz. A s\u00fctik nem tartalmaznak olyan inform\u00e1ci\u00f3t, amely szem\u00e9lyesen azonos\u00edtja \u00d6nt, de az \u00d6nr\u0151l t\u00e1rolt szem\u00e9lyes adatokat mi \u00f6sszekapcsolhatjuk a s\u00fctikben t\u00e1rolt \u00e9s a s\u00fctikb\u0151l nyert inform\u00e1ci\u00f3kkal. A weboldalon haszn\u00e1lt cookie-k k\u00f6z\u00f6tt vannak olyanok, amelyek a hozz\u00e1f\u00e9r\u00e9shez \u00e9s a navig\u00e1ci\u00f3hoz felt\u00e9tlen\u00fcl sz\u00fcks\u00e9ges cookie-k, olyan cookie-k, amelyek megjegyzik az \u00d6n v\u00e1laszt\u00e1sait (funkcion\u00e1lis cookie-k), \u00e9s olyan cookie-k, amelyek nyomon k\u00f6vetik a haszn\u00e1latot. A haszn\u00e1latot nyomon k\u00f6vet\u0151 cookie-kat &#8222;Elfogadhatja&#8221; vagy &#8222;Elutas\u00edthatja&#8221;.<\/p><p>A Felhaszn\u00e1l\u00f3k be\u00e1ll\u00edthatj\u00e1k a b\u00f6ng\u00e9sz\u0151j\u00fcket \u00fagy, hogy elutas\u00edtsa a cookie-kat, vagy figyelmeztesse \u0151ket a cookie-k k\u00fcld\u00e9s\u00e9re. Ha \u00edgy tesznek, vegye figyelembe, hogy a weboldal egyes r\u00e9szei esetleg nem m\u0171k\u00f6dnek megfelel\u0151en.<\/p><h2>Google Analytics<\/h2><p>Ez a weboldal a Google Inc. (a tov\u00e1bbiakban: Google) webelemz\u0151 szolg\u00e1ltat\u00e1s\u00e1t, a Google Analyticset haszn\u00e1lja. A Google Analytics cookie-kat haszn\u00e1l, amelyeket az \u00d6n sz\u00e1m\u00edt\u00f3g\u00e9p\u00e9n t\u00e1rolnak, hogy megk\u00f6nny\u00edts\u00e9k a weboldal haszn\u00e1lat\u00e1nak elemz\u00e9s\u00e9t. Az ezen cookie-k \u00e1ltal gener\u00e1lt inform\u00e1ci\u00f3kat, mint p\u00e9ld\u00e1ul a weboldalunkon tett l\u00e1togat\u00e1sainak ideje, helye \u00e9s gyakoris\u00e1ga, bele\u00e9rtve az \u00d6n IP-c\u00edm\u00e9t is, a Google tov\u00e1bb\u00edtja \u00e9s t\u00e1rolja. A Google Analytics haszn\u00e1lata sor\u00e1n weboldalunk az &#8222;anonymizeIp&#8221; kiterjeszt\u00e9st haszn\u00e1lja. Ennek sor\u00e1n a Google r\u00f6vid\u00edti \u00e9s ez\u00e1ltal anonimiz\u00e1lja az \u00d6n IP-c\u00edm\u00e9t, miel\u0151tt tov\u00e1bb\u00edtja azt. A Google ezeket az inform\u00e1ci\u00f3kat arra haszn\u00e1lja, hogy elemezze a weboldalunk haszn\u00e1lat\u00e1t, hogy jelent\u00e9seket \u00e1ll\u00edtson \u00f6ssze sz\u00e1munkra az internetes tev\u00e9kenys\u00e9gr\u0151l, \u00e9s hogy egy\u00e9b, a weboldalunkkal kapcsolatos szolg\u00e1ltat\u00e1sokat ny\u00fajtson.<\/p><p>A weboldal els\u0151 l\u00e1togat\u00e1sakor eld\u00f6ntheti, hogy &#8222;Elfogadja&#8221; vagy &#8222;Elutas\u00edtja&#8221; a Google Analytics haszn\u00e1lat\u00e1t a sz\u00e1m\u00edt\u00f3g\u00e9p\u00e9n.<\/p><p>Az adatv\u00e9delmi szab\u00e1lyzat m\u00f3dos\u00edt\u00e1sai<\/p><p>Ez az adatv\u00e9delmi szab\u00e1lyzat 2024. m\u00e1jus 1-j\u00e9n l\u00e9p hat\u00e1lyba, \u00e9s hat\u00e1lyban marad, kiv\u00e9ve a rendelkez\u00e9seinek j\u00f6v\u0151beni m\u00f3dos\u00edt\u00e1sait, amelyek az ezen az oldalon t\u00f6rt\u00e9n\u0151 k\u00f6zz\u00e9t\u00e9telt k\u00f6vet\u0151en azonnal hat\u00e1lyba l\u00e9pnek.<\/p><p>Fenntartjuk a jogot, hogy adatv\u00e9delmi szab\u00e1lyzatunkat b\u00e1rmikor friss\u00edts\u00fck vagy m\u00f3dos\u00edtsuk, \u00e9s \u00d6nnek rendszeresen ellen\u0151riznie kell ezt az adatv\u00e9delmi szab\u00e1lyzatot. Amikor ezt tessz\u00fck, \u00e9rtes\u00edt\u00e9st tesz\u00fcnk k\u00f6zz\u00e9 weboldalunk f\u0151oldal\u00e1n. Javasoljuk a Felhaszn\u00e1l\u00f3knak, hogy gyakran ellen\u0151rizz\u00e9k ezt az oldalt a v\u00e1ltoz\u00e1sok miatt, hogy t\u00e1j\u00e9kozottak legyenek arr\u00f3l, hogyan seg\u00edt\u00fcnk megv\u00e9deni az \u00e1ltalunk gy\u0171jt\u00f6tt szem\u00e9lyes adatokat. \u00d6n tudom\u00e1sul veszi \u00e9s elfogadja, hogy az \u00d6n felel\u0151ss\u00e9ge, hogy rendszeresen \u00e1ttekintse ezt az adatv\u00e9delmi szab\u00e1lyzatot, \u00e9s t\u00e1j\u00e9koz\u00f3djon a m\u00f3dos\u00edt\u00e1sokr\u00f3l.<\/p><h2>Kapcsolatfelv\u00e9tel<\/h2><p>Ha b\u00e1rmilyen k\u00e9rd\u00e9se van a jelen Adatv\u00e9delmi ir\u00e1nyelvekkel, az oldal gyakorlat\u00e1val vagy a weboldallal val\u00f3 kapcsolattart\u00e1ssal kapcsolatban, k\u00e9rj\u00fck, l\u00e9pjen kapcsolatba vel\u00fcnk a k\u00f6vetkez\u0151 e-mail c\u00edmen: project@sustain-ed.eu<\/p>\t\t\t\t\t\t\t\t<\/div>\n\t\t\t\t<\/div>\n\t\t\t\t<\/div>\n\t\t\t\t\t<\/div>\n\t\t\t\t<\/div>\n\t\t\t\t<\/div>\n\t\t","protected":false},"excerpt":{"rendered":"<p>Adatv\u00e9delmi ir\u00e1nyelvek Alkalmaz\u00e1si ter\u00fclet Adatv\u00e9delmi szab\u00e1lyzatunk jelen magyar\u00e1zata a www.sustain-ed.eu weboldalon (a tov\u00e1bbiakban: weboldal) t\u00f6rt\u00e9n\u0151 szem\u00e9lyes adatok gy\u0171jt\u00e9s\u00e9nek \u00e9s felhaszn\u00e1l\u00e1s\u00e1nak jelleg\u00e9re, terjedelm\u00e9re \u00e9s c\u00e9lj\u00e1ra terjed ki. Ez a weboldal a&hellip;<\/p>\n","protected":false},"author":1,"featured_media":0,"parent":0,"menu_order":0,"comment_status":"closed","ping_status":"closed","template":"elementor_header_footer","meta":{"footnotes":""},"class_list":["post-20185","page","type-page","status-publish","hentry"],"yoast_head":"<!-- This site is optimized with the Yoast SEO plugin v27.4 - https:\/\/yoast.com\/product\/yoast-seo-wordpress\/ -->\n<title>Adatv\u00e9delmi ir\u00e1nyelvek | SustainEd<\/title>\n<meta name=\"robots\" content=\"index, follow, max-snippet:-1, max-image-preview:large, max-video-preview:-1\" \/>\n<link rel=\"canonical\" href=\"https:\/\/sustain-ed.eu\/hu\/adatvedelmi-iranyelvek\/\" \/>\n<meta property=\"og:locale\" content=\"hu_HU\" \/>\n<meta property=\"og:type\" content=\"article\" \/>\n<meta property=\"og:title\" content=\"Adatv\u00e9delmi ir\u00e1nyelvek | SustainEd\" \/>\n<meta property=\"og:description\" content=\"Adatv\u00e9delmi ir\u00e1nyelvek Alkalmaz\u00e1si ter\u00fclet Adatv\u00e9delmi szab\u00e1lyzatunk jelen magyar\u00e1zata a www.sustain-ed.eu weboldalon (a tov\u00e1bbiakban: weboldal) t\u00f6rt\u00e9n\u0151 szem\u00e9lyes adatok gy\u0171jt\u00e9s\u00e9nek \u00e9s felhaszn\u00e1l\u00e1s\u00e1nak jelleg\u00e9re, terjedelm\u00e9re \u00e9s c\u00e9lj\u00e1ra terjed ki. Ez a weboldal a&hellip;\" \/>\n<meta property=\"og:url\" content=\"https:\/\/sustain-ed.eu\/hu\/adatvedelmi-iranyelvek\/\" \/>\n<meta property=\"og:site_name\" content=\"SustainEd\" \/>\n<meta property=\"article:publisher\" content=\"https:\/\/www.facebook.com\/projectSustainEd\" \/>\n<meta property=\"article:modified_time\" content=\"2024-07-18T08:29:29+00:00\" \/>\n<meta property=\"og:image\" content=\"https:\/\/sustain-ed.eu\/wp-content\/uploads\/2024\/06\/protectenvironment.jpg\" \/>\n\t<meta property=\"og:image:width\" content=\"1130\" \/>\n\t<meta property=\"og:image:height\" content=\"1500\" \/>\n\t<meta property=\"og:image:type\" content=\"image\/jpeg\" \/>\n<meta name=\"twitter:card\" content=\"summary_large_image\" \/>\n<meta name=\"twitter:label1\" content=\"Becs\u00fclt olvas\u00e1si id\u0151\" \/>\n\t<meta name=\"twitter:data1\" content=\"6 perc\" \/>\n<script type=\"application\/ld+json\" class=\"yoast-schema-graph\">{\"@context\":\"https:\\\/\\\/schema.org\",\"@graph\":[{\"@type\":\"WebPage\",\"@id\":\"https:\\\/\\\/sustain-ed.eu\\\/hu\\\/adatvedelmi-iranyelvek\\\/\",\"url\":\"https:\\\/\\\/sustain-ed.eu\\\/hu\\\/adatvedelmi-iranyelvek\\\/\",\"name\":\"Adatv\u00e9delmi ir\u00e1nyelvek | SustainEd\",\"isPartOf\":{\"@id\":\"https:\\\/\\\/sustain-ed.eu\\\/#website\"},\"datePublished\":\"2024-06-18T07:15:13+00:00\",\"dateModified\":\"2024-07-18T08:29:29+00:00\",\"breadcrumb\":{\"@id\":\"https:\\\/\\\/sustain-ed.eu\\\/hu\\\/adatvedelmi-iranyelvek\\\/#breadcrumb\"},\"inLanguage\":\"hu\",\"potentialAction\":[{\"@type\":\"ReadAction\",\"target\":[\"https:\\\/\\\/sustain-ed.eu\\\/hu\\\/adatvedelmi-iranyelvek\\\/\"]}]},{\"@type\":\"BreadcrumbList\",\"@id\":\"https:\\\/\\\/sustain-ed.eu\\\/hu\\\/adatvedelmi-iranyelvek\\\/#breadcrumb\",\"itemListElement\":[{\"@type\":\"ListItem\",\"position\":1,\"name\":\"Home\",\"item\":\"https:\\\/\\\/sustain-ed.eu\\\/hu\\\/\"},{\"@type\":\"ListItem\",\"position\":2,\"name\":\"Adatv\u00e9delmi ir\u00e1nyelvek\"}]},{\"@type\":\"WebSite\",\"@id\":\"https:\\\/\\\/sustain-ed.eu\\\/#website\",\"url\":\"https:\\\/\\\/sustain-ed.eu\\\/\",\"name\":\"SustainEd\",\"description\":\"SustainEd Erasmus+ Project\",\"publisher\":{\"@id\":\"https:\\\/\\\/sustain-ed.eu\\\/#organization\"},\"potentialAction\":[{\"@type\":\"SearchAction\",\"target\":{\"@type\":\"EntryPoint\",\"urlTemplate\":\"https:\\\/\\\/sustain-ed.eu\\\/?s={search_term_string}\"},\"query-input\":{\"@type\":\"PropertyValueSpecification\",\"valueRequired\":true,\"valueName\":\"search_term_string\"}}],\"inLanguage\":\"hu\"},{\"@type\":\"Organization\",\"@id\":\"https:\\\/\\\/sustain-ed.eu\\\/#organization\",\"name\":\"SustainEd\",\"url\":\"https:\\\/\\\/sustain-ed.eu\\\/\",\"logo\":{\"@type\":\"ImageObject\",\"inLanguage\":\"hu\",\"@id\":\"https:\\\/\\\/sustain-ed.eu\\\/#\\\/schema\\\/logo\\\/image\\\/\",\"url\":\"https:\\\/\\\/sustain-ed.eu\\\/wp-content\\\/uploads\\\/2024\\\/06\\\/SustainEd_Logo.png\",\"contentUrl\":\"https:\\\/\\\/sustain-ed.eu\\\/wp-content\\\/uploads\\\/2024\\\/06\\\/SustainEd_Logo.png\",\"width\":300,\"height\":300,\"caption\":\"SustainEd\"},\"image\":{\"@id\":\"https:\\\/\\\/sustain-ed.eu\\\/#\\\/schema\\\/logo\\\/image\\\/\"},\"sameAs\":[\"https:\\\/\\\/www.facebook.com\\\/projectSustainEd\",\"https:\\\/\\\/www.linkedin.com\\\/company\\\/102452710\",\"https:\\\/\\\/www.youtube.com\\\/@SustainEdProject\"]}]}<\/script>\n<!-- \/ Yoast SEO plugin. -->","yoast_head_json":{"title":"Adatv\u00e9delmi ir\u00e1nyelvek | SustainEd","robots":{"index":"index","follow":"follow","max-snippet":"max-snippet:-1","max-image-preview":"max-image-preview:large","max-video-preview":"max-video-preview:-1"},"canonical":"https:\/\/sustain-ed.eu\/hu\/adatvedelmi-iranyelvek\/","og_locale":"hu_HU","og_type":"article","og_title":"Adatv\u00e9delmi ir\u00e1nyelvek | SustainEd","og_description":"Adatv\u00e9delmi ir\u00e1nyelvek Alkalmaz\u00e1si ter\u00fclet Adatv\u00e9delmi szab\u00e1lyzatunk jelen magyar\u00e1zata a www.sustain-ed.eu weboldalon (a tov\u00e1bbiakban: weboldal) t\u00f6rt\u00e9n\u0151 szem\u00e9lyes adatok gy\u0171jt\u00e9s\u00e9nek \u00e9s felhaszn\u00e1l\u00e1s\u00e1nak jelleg\u00e9re, terjedelm\u00e9re \u00e9s c\u00e9lj\u00e1ra terjed ki. Ez a weboldal a&hellip;","og_url":"https:\/\/sustain-ed.eu\/hu\/adatvedelmi-iranyelvek\/","og_site_name":"SustainEd","article_publisher":"https:\/\/www.facebook.com\/projectSustainEd","article_modified_time":"2024-07-18T08:29:29+00:00","og_image":[{"width":1130,"height":1500,"url":"https:\/\/sustain-ed.eu\/wp-content\/uploads\/2024\/06\/protectenvironment.jpg","type":"image\/jpeg"}],"twitter_card":"summary_large_image","twitter_misc":{"Becs\u00fclt olvas\u00e1si id\u0151":"6 perc"},"schema":{"@context":"https:\/\/schema.org","@graph":[{"@type":"WebPage","@id":"https:\/\/sustain-ed.eu\/hu\/adatvedelmi-iranyelvek\/","url":"https:\/\/sustain-ed.eu\/hu\/adatvedelmi-iranyelvek\/","name":"Adatv\u00e9delmi ir\u00e1nyelvek | SustainEd","isPartOf":{"@id":"https:\/\/sustain-ed.eu\/#website"},"datePublished":"2024-06-18T07:15:13+00:00","dateModified":"2024-07-18T08:29:29+00:00","breadcrumb":{"@id":"https:\/\/sustain-ed.eu\/hu\/adatvedelmi-iranyelvek\/#breadcrumb"},"inLanguage":"hu","potentialAction":[{"@type":"ReadAction","target":["https:\/\/sustain-ed.eu\/hu\/adatvedelmi-iranyelvek\/"]}]},{"@type":"BreadcrumbList","@id":"https:\/\/sustain-ed.eu\/hu\/adatvedelmi-iranyelvek\/#breadcrumb","itemListElement":[{"@type":"ListItem","position":1,"name":"Home","item":"https:\/\/sustain-ed.eu\/hu\/"},{"@type":"ListItem","position":2,"name":"Adatv\u00e9delmi ir\u00e1nyelvek"}]},{"@type":"WebSite","@id":"https:\/\/sustain-ed.eu\/#website","url":"https:\/\/sustain-ed.eu\/","name":"SustainEd","description":"SustainEd Erasmus+ Project","publisher":{"@id":"https:\/\/sustain-ed.eu\/#organization"},"potentialAction":[{"@type":"SearchAction","target":{"@type":"EntryPoint","urlTemplate":"https:\/\/sustain-ed.eu\/?s={search_term_string}"},"query-input":{"@type":"PropertyValueSpecification","valueRequired":true,"valueName":"search_term_string"}}],"inLanguage":"hu"},{"@type":"Organization","@id":"https:\/\/sustain-ed.eu\/#organization","name":"SustainEd","url":"https:\/\/sustain-ed.eu\/","logo":{"@type":"ImageObject","inLanguage":"hu","@id":"https:\/\/sustain-ed.eu\/#\/schema\/logo\/image\/","url":"https:\/\/sustain-ed.eu\/wp-content\/uploads\/2024\/06\/SustainEd_Logo.png","contentUrl":"https:\/\/sustain-ed.eu\/wp-content\/uploads\/2024\/06\/SustainEd_Logo.png","width":300,"height":300,"caption":"SustainEd"},"image":{"@id":"https:\/\/sustain-ed.eu\/#\/schema\/logo\/image\/"},"sameAs":["https:\/\/www.facebook.com\/projectSustainEd","https:\/\/www.linkedin.com\/company\/102452710","https:\/\/www.youtube.com\/@SustainEdProject"]}]}},"_links":{"self":[{"href":"https:\/\/sustain-ed.eu\/hu\/wp-json\/wp\/v2\/pages\/20185","targetHints":{"allow":["GET"]}}],"collection":[{"href":"https:\/\/sustain-ed.eu\/hu\/wp-json\/wp\/v2\/pages"}],"about":[{"href":"https:\/\/sustain-ed.eu\/hu\/wp-json\/wp\/v2\/types\/page"}],"author":[{"embeddable":true,"href":"https:\/\/sustain-ed.eu\/hu\/wp-json\/wp\/v2\/users\/1"}],"replies":[{"embeddable":true,"href":"https:\/\/sustain-ed.eu\/hu\/wp-json\/wp\/v2\/comments?post=20185"}],"version-history":[{"count":0,"href":"https:\/\/sustain-ed.eu\/hu\/wp-json\/wp\/v2\/pages\/20185\/revisions"}],"wp:attachment":[{"href":"https:\/\/sustain-ed.eu\/hu\/wp-json\/wp\/v2\/media?parent=20185"}],"curies":[{"name":"wp","href":"https:\/\/api.w.org\/{rel}","templated":true}]}}