{"id":27188,"date":"2024-11-18T14:38:51","date_gmt":"2024-11-18T14:38:51","guid":{"rendered":"https:\/\/sustain-ed.eu\/?page_id=27188"},"modified":"2024-11-19T08:47:25","modified_gmt":"2024-11-19T08:47:25","slug":"video-esg-pt","status":"publish","type":"page","link":"https:\/\/sustain-ed.eu\/pt-pt\/video-esg-pt\/","title":{"rendered":"V\u00eddeo: Informa\u00e7\u00f5es ESG e temas de WebQuests"},"content":{"rendered":"\n<p><a href=\"https:\/\/www.youtube.com\/@SustainEdProject\"><\/a><\/p>\n\n\n\n<figure class=\"wp-block-embed is-type-video is-provider-youtube wp-block-embed-youtube wp-embed-aspect-16-9 wp-has-aspect-ratio\" style=\"margin-top:0;margin-right:var(--wp--preset--spacing--80);margin-bottom:0;margin-left:var(--wp--preset--spacing--80)\"><div class=\"wp-block-embed__wrapper\">\n<iframe title=\"SustainEd: ESG Information and WebQuests Topics (Portugu\u00eas)\" width=\"1250\" height=\"703\" src=\"https:\/\/www.youtube.com\/embed\/Mbz2sfQ6OPU?feature=oembed\" frameborder=\"0\" allow=\"accelerometer; autoplay; clipboard-write; encrypted-media; gyroscope; picture-in-picture; web-share\" referrerpolicy=\"strict-origin-when-cross-origin\" allowfullscreen><\/iframe>\n<\/div><\/figure>\n\n\n\n<p><\/p>\n","protected":false},"excerpt":{"rendered":"","protected":false},"author":2,"featured_media":27156,"parent":0,"menu_order":0,"comment_status":"closed","ping_status":"closed","template":"","meta":{"footnotes":""},"class_list":["post-27188","page","type-page","status-publish","has-post-thumbnail","hentry"],"yoast_head":"<!-- This site is optimized with the Yoast SEO plugin v27.4 - https:\/\/yoast.com\/product\/yoast-seo-wordpress\/ -->\n<title>V\u00eddeo: Informa\u00e7\u00f5es ESG e temas de WebQuests | SustainEd<\/title>\n<meta name=\"robots\" content=\"index, follow, max-snippet:-1, max-image-preview:large, max-video-preview:-1\" \/>\n<link rel=\"canonical\" href=\"https:\/\/sustain-ed.eu\/pt-pt\/video-esg-pt\/\" \/>\n<meta property=\"og:locale\" content=\"pt_PT\" \/>\n<meta property=\"og:type\" content=\"article\" \/>\n<meta property=\"og:title\" content=\"V\u00eddeo: Informa\u00e7\u00f5es ESG e temas de WebQuests | SustainEd\" \/>\n<meta property=\"og:url\" content=\"https:\/\/sustain-ed.eu\/pt-pt\/video-esg-pt\/\" \/>\n<meta property=\"og:site_name\" content=\"SustainEd\" \/>\n<meta property=\"article:publisher\" content=\"https:\/\/www.facebook.com\/projectSustainEd\" \/>\n<meta property=\"article:modified_time\" content=\"2024-11-19T08:47:25+00:00\" \/>\n<meta property=\"og:image\" content=\"https:\/\/sustain-ed.eu\/wp-content\/uploads\/2024\/11\/video1-1.png\" \/>\n\t<meta property=\"og:image:width\" content=\"500\" \/>\n\t<meta property=\"og:image:height\" content=\"500\" \/>\n\t<meta property=\"og:image:type\" content=\"image\/png\" \/>\n<meta name=\"twitter:card\" content=\"summary_large_image\" \/>\n<script type=\"application\/ld+json\" class=\"yoast-schema-graph\">{\"@context\":\"https:\\\/\\\/schema.org\",\"@graph\":[{\"@type\":\"WebPage\",\"@id\":\"https:\\\/\\\/sustain-ed.eu\\\/pt-pt\\\/video-esg-pt\\\/\",\"url\":\"https:\\\/\\\/sustain-ed.eu\\\/pt-pt\\\/video-esg-pt\\\/\",\"name\":\"V\u00eddeo: Informa\u00e7\u00f5es ESG e temas de WebQuests | SustainEd\",\"isPartOf\":{\"@id\":\"https:\\\/\\\/sustain-ed.eu\\\/#website\"},\"primaryImageOfPage\":{\"@id\":\"https:\\\/\\\/sustain-ed.eu\\\/pt-pt\\\/video-esg-pt\\\/#primaryimage\"},\"image\":{\"@id\":\"https:\\\/\\\/sustain-ed.eu\\\/pt-pt\\\/video-esg-pt\\\/#primaryimage\"},\"thumbnailUrl\":\"https:\\\/\\\/sustain-ed.eu\\\/wp-content\\\/uploads\\\/2024\\\/11\\\/video1-1.png\",\"datePublished\":\"2024-11-18T14:38:51+00:00\",\"dateModified\":\"2024-11-19T08:47:25+00:00\",\"breadcrumb\":{\"@id\":\"https:\\\/\\\/sustain-ed.eu\\\/pt-pt\\\/video-esg-pt\\\/#breadcrumb\"},\"inLanguage\":\"pt-PT\",\"potentialAction\":[{\"@type\":\"ReadAction\",\"target\":[\"https:\\\/\\\/sustain-ed.eu\\\/pt-pt\\\/video-esg-pt\\\/\"]}]},{\"@type\":\"ImageObject\",\"inLanguage\":\"pt-PT\",\"@id\":\"https:\\\/\\\/sustain-ed.eu\\\/pt-pt\\\/video-esg-pt\\\/#primaryimage\",\"url\":\"https:\\\/\\\/sustain-ed.eu\\\/wp-content\\\/uploads\\\/2024\\\/11\\\/video1-1.png\",\"contentUrl\":\"https:\\\/\\\/sustain-ed.eu\\\/wp-content\\\/uploads\\\/2024\\\/11\\\/video1-1.png\",\"width\":500,\"height\":500},{\"@type\":\"BreadcrumbList\",\"@id\":\"https:\\\/\\\/sustain-ed.eu\\\/pt-pt\\\/video-esg-pt\\\/#breadcrumb\",\"itemListElement\":[{\"@type\":\"ListItem\",\"position\":1,\"name\":\"Home\",\"item\":\"https:\\\/\\\/sustain-ed.eu\\\/pt-pt\\\/\"},{\"@type\":\"ListItem\",\"position\":2,\"name\":\"V\u00eddeo: Informa\u00e7\u00f5es ESG e temas de WebQuests\"}]},{\"@type\":\"WebSite\",\"@id\":\"https:\\\/\\\/sustain-ed.eu\\\/#website\",\"url\":\"https:\\\/\\\/sustain-ed.eu\\\/\",\"name\":\"SustainEd\",\"description\":\"SustainEd Erasmus+ Project\",\"publisher\":{\"@id\":\"https:\\\/\\\/sustain-ed.eu\\\/#organization\"},\"potentialAction\":[{\"@type\":\"SearchAction\",\"target\":{\"@type\":\"EntryPoint\",\"urlTemplate\":\"https:\\\/\\\/sustain-ed.eu\\\/?s={search_term_string}\"},\"query-input\":{\"@type\":\"PropertyValueSpecification\",\"valueRequired\":true,\"valueName\":\"search_term_string\"}}],\"inLanguage\":\"pt-PT\"},{\"@type\":\"Organization\",\"@id\":\"https:\\\/\\\/sustain-ed.eu\\\/#organization\",\"name\":\"SustainEd\",\"url\":\"https:\\\/\\\/sustain-ed.eu\\\/\",\"logo\":{\"@type\":\"ImageObject\",\"inLanguage\":\"pt-PT\",\"@id\":\"https:\\\/\\\/sustain-ed.eu\\\/#\\\/schema\\\/logo\\\/image\\\/\",\"url\":\"https:\\\/\\\/sustain-ed.eu\\\/wp-content\\\/uploads\\\/2024\\\/06\\\/SustainEd_Logo.png\",\"contentUrl\":\"https:\\\/\\\/sustain-ed.eu\\\/wp-content\\\/uploads\\\/2024\\\/06\\\/SustainEd_Logo.png\",\"width\":300,\"height\":300,\"caption\":\"SustainEd\"},\"image\":{\"@id\":\"https:\\\/\\\/sustain-ed.eu\\\/#\\\/schema\\\/logo\\\/image\\\/\"},\"sameAs\":[\"https:\\\/\\\/www.facebook.com\\\/projectSustainEd\",\"https:\\\/\\\/www.linkedin.com\\\/company\\\/102452710\",\"https:\\\/\\\/www.youtube.com\\\/@SustainEdProject\"]}]}<\/script>\n<!-- \/ Yoast SEO plugin. -->","yoast_head_json":{"title":"V\u00eddeo: Informa\u00e7\u00f5es ESG e temas de WebQuests | SustainEd","robots":{"index":"index","follow":"follow","max-snippet":"max-snippet:-1","max-image-preview":"max-image-preview:large","max-video-preview":"max-video-preview:-1"},"canonical":"https:\/\/sustain-ed.eu\/pt-pt\/video-esg-pt\/","og_locale":"pt_PT","og_type":"article","og_title":"V\u00eddeo: Informa\u00e7\u00f5es ESG e temas de WebQuests | SustainEd","og_url":"https:\/\/sustain-ed.eu\/pt-pt\/video-esg-pt\/","og_site_name":"SustainEd","article_publisher":"https:\/\/www.facebook.com\/projectSustainEd","article_modified_time":"2024-11-19T08:47:25+00:00","og_image":[{"width":500,"height":500,"url":"https:\/\/sustain-ed.eu\/wp-content\/uploads\/2024\/11\/video1-1.png","type":"image\/png"}],"twitter_card":"summary_large_image","schema":{"@context":"https:\/\/schema.org","@graph":[{"@type":"WebPage","@id":"https:\/\/sustain-ed.eu\/pt-pt\/video-esg-pt\/","url":"https:\/\/sustain-ed.eu\/pt-pt\/video-esg-pt\/","name":"V\u00eddeo: Informa\u00e7\u00f5es ESG e temas de WebQuests | SustainEd","isPartOf":{"@id":"https:\/\/sustain-ed.eu\/#website"},"primaryImageOfPage":{"@id":"https:\/\/sustain-ed.eu\/pt-pt\/video-esg-pt\/#primaryimage"},"image":{"@id":"https:\/\/sustain-ed.eu\/pt-pt\/video-esg-pt\/#primaryimage"},"thumbnailUrl":"https:\/\/sustain-ed.eu\/wp-content\/uploads\/2024\/11\/video1-1.png","datePublished":"2024-11-18T14:38:51+00:00","dateModified":"2024-11-19T08:47:25+00:00","breadcrumb":{"@id":"https:\/\/sustain-ed.eu\/pt-pt\/video-esg-pt\/#breadcrumb"},"inLanguage":"pt-PT","potentialAction":[{"@type":"ReadAction","target":["https:\/\/sustain-ed.eu\/pt-pt\/video-esg-pt\/"]}]},{"@type":"ImageObject","inLanguage":"pt-PT","@id":"https:\/\/sustain-ed.eu\/pt-pt\/video-esg-pt\/#primaryimage","url":"https:\/\/sustain-ed.eu\/wp-content\/uploads\/2024\/11\/video1-1.png","contentUrl":"https:\/\/sustain-ed.eu\/wp-content\/uploads\/2024\/11\/video1-1.png","width":500,"height":500},{"@type":"BreadcrumbList","@id":"https:\/\/sustain-ed.eu\/pt-pt\/video-esg-pt\/#breadcrumb","itemListElement":[{"@type":"ListItem","position":1,"name":"Home","item":"https:\/\/sustain-ed.eu\/pt-pt\/"},{"@type":"ListItem","position":2,"name":"V\u00eddeo: Informa\u00e7\u00f5es ESG e temas de WebQuests"}]},{"@type":"WebSite","@id":"https:\/\/sustain-ed.eu\/#website","url":"https:\/\/sustain-ed.eu\/","name":"SustainEd","description":"SustainEd Erasmus+ Project","publisher":{"@id":"https:\/\/sustain-ed.eu\/#organization"},"potentialAction":[{"@type":"SearchAction","target":{"@type":"EntryPoint","urlTemplate":"https:\/\/sustain-ed.eu\/?s={search_term_string}"},"query-input":{"@type":"PropertyValueSpecification","valueRequired":true,"valueName":"search_term_string"}}],"inLanguage":"pt-PT"},{"@type":"Organization","@id":"https:\/\/sustain-ed.eu\/#organization","name":"SustainEd","url":"https:\/\/sustain-ed.eu\/","logo":{"@type":"ImageObject","inLanguage":"pt-PT","@id":"https:\/\/sustain-ed.eu\/#\/schema\/logo\/image\/","url":"https:\/\/sustain-ed.eu\/wp-content\/uploads\/2024\/06\/SustainEd_Logo.png","contentUrl":"https:\/\/sustain-ed.eu\/wp-content\/uploads\/2024\/06\/SustainEd_Logo.png","width":300,"height":300,"caption":"SustainEd"},"image":{"@id":"https:\/\/sustain-ed.eu\/#\/schema\/logo\/image\/"},"sameAs":["https:\/\/www.facebook.com\/projectSustainEd","https:\/\/www.linkedin.com\/company\/102452710","https:\/\/www.youtube.com\/@SustainEdProject"]}]}},"_links":{"self":[{"href":"https:\/\/sustain-ed.eu\/pt-pt\/wp-json\/wp\/v2\/pages\/27188","targetHints":{"allow":["GET"]}}],"collection":[{"href":"https:\/\/sustain-ed.eu\/pt-pt\/wp-json\/wp\/v2\/pages"}],"about":[{"href":"https:\/\/sustain-ed.eu\/pt-pt\/wp-json\/wp\/v2\/types\/page"}],"author":[{"embeddable":true,"href":"https:\/\/sustain-ed.eu\/pt-pt\/wp-json\/wp\/v2\/users\/2"}],"replies":[{"embeddable":true,"href":"https:\/\/sustain-ed.eu\/pt-pt\/wp-json\/wp\/v2\/comments?post=27188"}],"version-history":[{"count":0,"href":"https:\/\/sustain-ed.eu\/pt-pt\/wp-json\/wp\/v2\/pages\/27188\/revisions"}],"wp:featuredmedia":[{"embeddable":true,"href":"https:\/\/sustain-ed.eu\/pt-pt\/wp-json\/wp\/v2\/media\/27156"}],"wp:attachment":[{"href":"https:\/\/sustain-ed.eu\/pt-pt\/wp-json\/wp\/v2\/media?parent=27188"}],"curies":[{"name":"wp","href":"https:\/\/api.w.org\/{rel}","templated":true}]}}